{"id":1932,"date":"2023-08-28T18:31:26","date_gmt":"2023-08-28T18:31:26","guid":{"rendered":"https:\/\/dev.vueloiv.com\/viladogcat\/web\/collaboradors\/"},"modified":"2023-08-28T18:31:28","modified_gmt":"2023-08-28T18:31:28","slug":"collaboradors","status":"publish","type":"page","link":"https:\/\/www.viladogcat.com\/ca\/collaboradors\/","title":{"rendered":"Col\u00b7laboradors"},"content":{"rendered":"\n<div class=\"is-layout-flow wp-block-group alignfull page-header header-standard\">\n<div class=\"is-layout-flex wp-container-4 wp-block-columns are-vertically-aligned-center\">\n<div class=\"is-layout-flow wp-block-column is-vertically-aligned-center\" style=\"flex-basis:400px\">\n<figure class=\"wp-block-image size-large is-style-rounded header-standard__image\"><img decoding=\"async\" loading=\"lazy\" width=\"1124\" height=\"748\" src=\"https:\/\/www.viladogcat.com\/wp-content\/uploads\/2023\/07\/cerca-veterinario-cuidando-perro-1124x748.jpg\" alt=\"\" class=\"wp-image-1754\" srcset=\"https:\/\/www.viladogcat.com\/wp-content\/uploads\/2023\/07\/cerca-veterinario-cuidando-perro-1124x748.jpg 1124w, https:\/\/www.viladogcat.com\/wp-content\/uploads\/2023\/07\/cerca-veterinario-cuidando-perro-451x300.jpg 451w, https:\/\/www.viladogcat.com\/wp-content\/uploads\/2023\/07\/cerca-veterinario-cuidando-perro-800x532.jpg 800w, https:\/\/www.viladogcat.com\/wp-content\/uploads\/2023\/07\/cerca-veterinario-cuidando-perro-1536x1022.jpg 1536w, https:\/\/www.viladogcat.com\/wp-content\/uploads\/2023\/07\/cerca-veterinario-cuidando-perro-2048x1363.jpg 2048w, https:\/\/www.viladogcat.com\/wp-content\/uploads\/2023\/07\/cerca-veterinario-cuidando-perro-1500x998.jpg 1500w\" sizes=\"(max-width: 1124px) 100vw, 1124px\" \/><\/figure>\n<\/div>\n\n\n\n<div class=\"is-layout-flow wp-block-column is-vertically-aligned-center\">\n<div class=\"is-layout-flow wp-block-group header-standard__content\"><h2 class=\"has-text-align-left wp-block-post-title has-xx-large-fluid-font-size\">Col\u00b7laboradors<\/h2>\n\n\n<p class=\"has-medium-font-size\">A <strong>Viladogcat<\/strong> col\u00b7laborem amb diversos professionals externs per brindar serveis addicionals i especialitzats als nostres clients.<\/p>\n<\/div>\n<\/div>\n<\/div>\n<\/div>\n\n<div class=\"is-layout-constrained wp-container-6 wp-block-group block-section\" style=\"padding-top:20px;padding-right:20px;padding-bottom:20px;padding-left:20px\"><div id=\"team-block_ad8c76cf2b88a440b4c8a482ed2393df\" class=\"team-member is_link\">\n\n    <header>\n        <div class=\"header_image\">\n            <img width=\"1080\" height=\"1080\" src=\"https:\/\/www.viladogcat.com\/wp-content\/uploads\/2023\/07\/285480859_1451453078628135_613243872665031798_n.jpg?wsr\" class=\"attachment-full size-full\" alt=\"\" decoding=\"async\" loading=\"lazy\" srcset=\"https:\/\/www.viladogcat.com\/wp-content\/uploads\/2023\/07\/285480859_1451453078628135_613243872665031798_n.jpg 1080w, https:\/\/www.viladogcat.com\/wp-content\/uploads\/2023\/07\/285480859_1451453078628135_613243872665031798_n-300x300.jpg 300w, https:\/\/www.viladogcat.com\/wp-content\/uploads\/2023\/07\/285480859_1451453078628135_613243872665031798_n-150x150.jpg 150w, https:\/\/www.viladogcat.com\/wp-content\/uploads\/2023\/07\/285480859_1451453078628135_613243872665031798_n-800x800.jpg 800w\" sizes=\"(max-width: 1080px) 100vw, 1080px\" \/>        <\/div>\n        <div class=\"header_content\">\n            <h3 class=\"name\">Vetervision<\/h3>\n            <p class=\"position\">Servicio oftalmologico<\/p>\n            <p class=\"small\">1234<\/p>        \n                            <a class=\"button clear black\" href=\"linkedin url here\">Linkedin<\/a>\n                    <\/div>\n        <svg class=\"icon item-icon show-for-medium\" viewBox=\"0 0 60 60\"><use xlink:href=\"#chevron-right\"><\/use><\/svg>\n        <button class=\"button hollow small show-for-small-only\">Llegeix m\u00e9s<\/button>\n    <\/header>\n\n    <div class=\"team_member__content\">\n    <p>En Viladogcat disponemos de un servicio oftalmologico especializado en la prevenci\u00f3n, diagn\u00f3stico y tratamiento medicoquirurgico de patalogias oculares en mascotas.<\/p>\n<p>Trabajamos con Encarnaci\u00f3n Mu\u00f1oz Gonz\u00e1lez, una oftam\u00f3loga fundadora del centro Vetervision. Licenciada en Veterinaria por la UCM, con m\u00e1s de 6 a\u00f1os de experiencia en cirugia veterinaria en el Reino Unido y Espa\u00f1a.<\/p>\n    <\/div>\n\n\n<\/div>\n\n<script type=\"text\/javascript\">\n\nvar $=jQuery.noConflict();\n$(document).ready(function() {\n\n let item = $(\" #team-block_ad8c76cf2b88a440b4c8a482ed2393df header\");\n let team_content = $(\" #team-block_ad8c76cf2b88a440b4c8a482ed2393df .team_member__content\");\n\n item.click(function(){\n    team_content.toggleClass(\"show\");\n    item.toggleClass('is-open');\n });\n\n});\n\n<\/script>\n\n<div id=\"team-block_57c33e6058eab74cab69a0e74c003303\" class=\"team-member is_link\">\n\n    <header>\n        <div class=\"header_image\">\n            <img width=\"1487\" height=\"1487\" src=\"https:\/\/www.viladogcat.com\/wp-content\/uploads\/2023\/07\/Delvet-8.png?wsr\" class=\"attachment-full size-full\" alt=\"\" decoding=\"async\" loading=\"lazy\" srcset=\"https:\/\/www.viladogcat.com\/wp-content\/uploads\/2023\/07\/Delvet-8.png 1487w, https:\/\/www.viladogcat.com\/wp-content\/uploads\/2023\/07\/Delvet-8-300x300.png 300w, https:\/\/www.viladogcat.com\/wp-content\/uploads\/2023\/07\/Delvet-8-1124x1124.png 1124w, https:\/\/www.viladogcat.com\/wp-content\/uploads\/2023\/07\/Delvet-8-150x150.png 150w, https:\/\/www.viladogcat.com\/wp-content\/uploads\/2023\/07\/Delvet-8-800x800.png 800w\" sizes=\"(max-width: 1487px) 100vw, 1487px\" \/>        <\/div>\n        <div class=\"header_content\">\n            <h3 class=\"name\">Delvet Ultrasound<\/h3>\n            <p class=\"position\">Diagn\u00f3stico por ecograf\u00eda veterinaria<\/p>\n            <p class=\"small\">1234<\/p>        \n                            <a class=\"button clear black\" href=\"linkedin url here\">Linkedin<\/a>\n                    <\/div>\n        <svg class=\"icon item-icon show-for-medium\" viewBox=\"0 0 60 60\"><use xlink:href=\"#chevron-right\"><\/use><\/svg>\n        <button class=\"button hollow small show-for-small-only\">Llegeix m\u00e9s<\/button>\n    <\/header>\n\n    <div class=\"team_member__content\">\n    <p>En Viladogcat trabajamos con Delvet Ultrasound, formado por profesionales altamente cualificados en diagn\u00f3stico por ecograf\u00eda veterinaria. <\/p>\n    <\/div>\n\n\n<\/div>\n\n<script type=\"text\/javascript\">\n\nvar $=jQuery.noConflict();\n$(document).ready(function() {\n\n let item = $(\" #team-block_57c33e6058eab74cab69a0e74c003303 header\");\n let team_content = $(\" #team-block_57c33e6058eab74cab69a0e74c003303 .team_member__content\");\n\n item.click(function(){\n    team_content.toggleClass(\"show\");\n    item.toggleClass('is-open');\n });\n\n});\n\n<\/script>\n\n<div id=\"team-block_e4d0a9366014025c281e01839a269c81\" class=\"team-member is_link\">\n\n    <header>\n        <div class=\"header_image\">\n            <img width=\"1500\" height=\"2000\" src=\"https:\/\/www.viladogcat.com\/wp-content\/uploads\/2023\/07\/WhatsApp-Image-2023-07-25-at-19.44.23.jpeg?wsr\" class=\"attachment-full size-full\" alt=\"\" decoding=\"async\" loading=\"lazy\" srcset=\"https:\/\/www.viladogcat.com\/wp-content\/uploads\/2023\/07\/WhatsApp-Image-2023-07-25-at-19.44.23.jpeg 1500w, https:\/\/www.viladogcat.com\/wp-content\/uploads\/2023\/07\/WhatsApp-Image-2023-07-25-at-19.44.23-225x300.jpeg 225w, https:\/\/www.viladogcat.com\/wp-content\/uploads\/2023\/07\/WhatsApp-Image-2023-07-25-at-19.44.23-1124x1499.jpeg 1124w, https:\/\/www.viladogcat.com\/wp-content\/uploads\/2023\/07\/WhatsApp-Image-2023-07-25-at-19.44.23-800x1067.jpeg 800w, https:\/\/www.viladogcat.com\/wp-content\/uploads\/2023\/07\/WhatsApp-Image-2023-07-25-at-19.44.23-1152x1536.jpeg 1152w\" sizes=\"(max-width: 1500px) 100vw, 1500px\" \/>        <\/div>\n        <div class=\"header_content\">\n            <h3 class=\"name\">Fuco Novoa Ojea<\/h3>\n            <p class=\"position\">Cirug\u00edas de m\u00ednima invasi\u00f3n<\/p>\n            <p class=\"small\">1234<\/p>        \n                            <a class=\"button clear black\" href=\"linkedin url here\">Linkedin<\/a>\n                    <\/div>\n        <svg class=\"icon item-icon show-for-medium\" viewBox=\"0 0 60 60\"><use xlink:href=\"#chevron-right\"><\/use><\/svg>\n        <button class=\"button hollow small show-for-small-only\">Llegeix m\u00e9s<\/button>\n    <\/header>\n\n    <div class=\"team_member__content\">\n    <p>En Viladogcat trabajamos con Fuco Novoa Ojea, especialista en endoscopia, laparoendoscopia, y cirug\u00eda de tejidos blandos. Este tipo de cirug\u00edas permiten recuperaciones m\u00e1s r\u00e1pidas, menos inc\u00f3modas y deja menos cicatrices.<\/p>\n    <\/div>\n\n\n<\/div>\n\n<script type=\"text\/javascript\">\n\nvar $=jQuery.noConflict();\n$(document).ready(function() {\n\n let item = $(\" #team-block_e4d0a9366014025c281e01839a269c81 header\");\n let team_content = $(\" #team-block_e4d0a9366014025c281e01839a269c81 .team_member__content\");\n\n item.click(function(){\n    team_content.toggleClass(\"show\");\n    item.toggleClass('is-open');\n });\n\n});\n\n<\/script><\/div>\n","protected":false},"excerpt":{"rendered":"<p>A Viladogcat col\u00b7laborem amb diversos professionals externs per brindar serveis addicionals i especialitzats als nostres clients.<\/p>\n","protected":false},"author":2,"featured_media":312,"parent":0,"menu_order":0,"comment_status":"closed","ping_status":"closed","template":"","meta":[],"acf":[],"yoast_head":"<!-- This site is optimized with the Yoast SEO plugin v21.0 - https:\/\/yoast.com\/wordpress\/plugins\/seo\/ -->\n<title>Col\u00b7laboradors - Viladogcat<\/title>\n<meta name=\"description\" content=\"En Viladogcat col\u00b7laborem amb diversos professionals externs per a brindar serveis addicionals i especialitzats als nostres clients.\" \/>\n<meta name=\"robots\" content=\"index, follow, max-snippet:-1, max-image-preview:large, max-video-preview:-1\" \/>\n<link rel=\"canonical\" href=\"https:\/\/www.viladogcat.com\/ca\/collaboradors\/\" \/>\n<meta property=\"og:locale\" content=\"ca_ES\" \/>\n<meta property=\"og:type\" content=\"article\" \/>\n<meta property=\"og:title\" content=\"Col\u00b7laboradors - Viladogcat\" \/>\n<meta property=\"og:description\" content=\"En Viladogcat col\u00b7laborem amb diversos professionals externs per a brindar serveis addicionals i especialitzats als nostres clients.\" \/>\n<meta property=\"og:url\" content=\"https:\/\/www.viladogcat.com\/ca\/collaboradors\/\" \/>\n<meta property=\"og:site_name\" content=\"Viladogcat\" \/>\n<meta property=\"article:modified_time\" content=\"2023-08-28T18:31:28+00:00\" \/>\n<meta property=\"og:image\" content=\"https:\/\/www.viladogcat.com\/wp-content\/uploads\/2022\/05\/brooke-cagle-uHVRvDr7pg-unsplash.jpg\" \/>\n\t<meta property=\"og:image:width\" content=\"2000\" \/>\n\t<meta property=\"og:image:height\" content=\"1334\" \/>\n\t<meta property=\"og:image:type\" content=\"image\/jpeg\" \/>\n<meta name=\"twitter:card\" content=\"summary_large_image\" \/>\n<script type=\"application\/ld+json\" class=\"yoast-schema-graph\">{\"@context\":\"https:\/\/schema.org\",\"@graph\":[{\"@type\":\"WebPage\",\"@id\":\"https:\/\/www.viladogcat.com\/ca\/collaboradors\/\",\"url\":\"https:\/\/www.viladogcat.com\/ca\/collaboradors\/\",\"name\":\"Col\u00b7laboradors - Viladogcat\",\"isPartOf\":{\"@id\":\"https:\/\/www.viladogcat.com\/ca\/#website\"},\"datePublished\":\"2023-08-28T18:31:26+00:00\",\"dateModified\":\"2023-08-28T18:31:28+00:00\",\"description\":\"En Viladogcat col\u00b7laborem amb diversos professionals externs per a brindar serveis addicionals i especialitzats als nostres clients.\",\"breadcrumb\":{\"@id\":\"https:\/\/www.viladogcat.com\/ca\/collaboradors\/#breadcrumb\"},\"inLanguage\":\"ca\",\"potentialAction\":[{\"@type\":\"ReadAction\",\"target\":[\"https:\/\/www.viladogcat.com\/ca\/collaboradors\/\"]}]},{\"@type\":\"BreadcrumbList\",\"@id\":\"https:\/\/www.viladogcat.com\/ca\/collaboradors\/#breadcrumb\",\"itemListElement\":[{\"@type\":\"ListItem\",\"position\":1,\"name\":\"Home\",\"item\":\"https:\/\/www.viladogcat.com\/ca\/\"},{\"@type\":\"ListItem\",\"position\":2,\"name\":\"Col\u00b7laboradors\"}]},{\"@type\":\"WebSite\",\"@id\":\"https:\/\/www.viladogcat.com\/ca\/#website\",\"url\":\"https:\/\/www.viladogcat.com\/ca\/\",\"name\":\"Viladogcat\",\"description\":\"Just another WordPress site\",\"potentialAction\":[{\"@type\":\"SearchAction\",\"target\":{\"@type\":\"EntryPoint\",\"urlTemplate\":\"https:\/\/www.viladogcat.com\/ca\/?s={search_term_string}\"},\"query-input\":\"required name=search_term_string\"}],\"inLanguage\":\"ca\"}]}<\/script>\n<!-- \/ Yoast SEO plugin. -->","yoast_head_json":{"title":"Col\u00b7laboradors - Viladogcat","description":"En Viladogcat col\u00b7laborem amb diversos professionals externs per a brindar serveis addicionals i especialitzats als nostres clients.","robots":{"index":"index","follow":"follow","max-snippet":"max-snippet:-1","max-image-preview":"max-image-preview:large","max-video-preview":"max-video-preview:-1"},"canonical":"https:\/\/www.viladogcat.com\/ca\/collaboradors\/","og_locale":"ca_ES","og_type":"article","og_title":"Col\u00b7laboradors - Viladogcat","og_description":"En Viladogcat col\u00b7laborem amb diversos professionals externs per a brindar serveis addicionals i especialitzats als nostres clients.","og_url":"https:\/\/www.viladogcat.com\/ca\/collaboradors\/","og_site_name":"Viladogcat","article_modified_time":"2023-08-28T18:31:28+00:00","og_image":[{"width":2000,"height":1334,"url":"https:\/\/www.viladogcat.com\/wp-content\/uploads\/2022\/05\/brooke-cagle-uHVRvDr7pg-unsplash.jpg","type":"image\/jpeg"}],"twitter_card":"summary_large_image","schema":{"@context":"https:\/\/schema.org","@graph":[{"@type":"WebPage","@id":"https:\/\/www.viladogcat.com\/ca\/collaboradors\/","url":"https:\/\/www.viladogcat.com\/ca\/collaboradors\/","name":"Col\u00b7laboradors - Viladogcat","isPartOf":{"@id":"https:\/\/www.viladogcat.com\/ca\/#website"},"datePublished":"2023-08-28T18:31:26+00:00","dateModified":"2023-08-28T18:31:28+00:00","description":"En Viladogcat col\u00b7laborem amb diversos professionals externs per a brindar serveis addicionals i especialitzats als nostres clients.","breadcrumb":{"@id":"https:\/\/www.viladogcat.com\/ca\/collaboradors\/#breadcrumb"},"inLanguage":"ca","potentialAction":[{"@type":"ReadAction","target":["https:\/\/www.viladogcat.com\/ca\/collaboradors\/"]}]},{"@type":"BreadcrumbList","@id":"https:\/\/www.viladogcat.com\/ca\/collaboradors\/#breadcrumb","itemListElement":[{"@type":"ListItem","position":1,"name":"Home","item":"https:\/\/www.viladogcat.com\/ca\/"},{"@type":"ListItem","position":2,"name":"Col\u00b7laboradors"}]},{"@type":"WebSite","@id":"https:\/\/www.viladogcat.com\/ca\/#website","url":"https:\/\/www.viladogcat.com\/ca\/","name":"Viladogcat","description":"Just another WordPress site","potentialAction":[{"@type":"SearchAction","target":{"@type":"EntryPoint","urlTemplate":"https:\/\/www.viladogcat.com\/ca\/?s={search_term_string}"},"query-input":"required name=search_term_string"}],"inLanguage":"ca"}]}},"_links":{"self":[{"href":"https:\/\/www.viladogcat.com\/ca\/wp-json\/wp\/v2\/pages\/1932"}],"collection":[{"href":"https:\/\/www.viladogcat.com\/ca\/wp-json\/wp\/v2\/pages"}],"about":[{"href":"https:\/\/www.viladogcat.com\/ca\/wp-json\/wp\/v2\/types\/page"}],"author":[{"embeddable":true,"href":"https:\/\/www.viladogcat.com\/ca\/wp-json\/wp\/v2\/users\/2"}],"replies":[{"embeddable":true,"href":"https:\/\/www.viladogcat.com\/ca\/wp-json\/wp\/v2\/comments?post=1932"}],"version-history":[{"count":3,"href":"https:\/\/www.viladogcat.com\/ca\/wp-json\/wp\/v2\/pages\/1932\/revisions"}],"predecessor-version":[{"id":1935,"href":"https:\/\/www.viladogcat.com\/ca\/wp-json\/wp\/v2\/pages\/1932\/revisions\/1935"}],"wp:featuredmedia":[{"embeddable":true,"href":"https:\/\/www.viladogcat.com\/ca\/wp-json\/wp\/v2\/media\/312"}],"wp:attachment":[{"href":"https:\/\/www.viladogcat.com\/ca\/wp-json\/wp\/v2\/media?parent=1932"}],"curies":[{"name":"wp","href":"https:\/\/api.w.org\/{rel}","templated":true}]}}