{"id":1940,"date":"2023-08-28T18:45:11","date_gmt":"2023-08-28T18:45:11","guid":{"rendered":"https:\/\/dev.vueloiv.com\/viladogcat\/web\/equip\/"},"modified":"2023-08-28T18:45:13","modified_gmt":"2023-08-28T18:45:13","slug":"equip","status":"publish","type":"page","link":"https:\/\/www.viladogcat.com\/ca\/equip\/","title":{"rendered":"Equip"},"content":{"rendered":"\n<div class=\"is-layout-flow wp-block-group alignfull page-header header-standard\">\n<div class=\"is-layout-flex wp-container-4 wp-block-columns are-vertically-aligned-center\">\n<div class=\"is-layout-flow wp-block-column is-vertically-aligned-center\" style=\"flex-basis:400px\">\n<figure class=\"wp-block-image size-full is-style-rounded header-standard__image\"><img decoding=\"async\" loading=\"lazy\" width=\"1080\" height=\"1080\" src=\"https:\/\/www.viladogcat.com\/wp-content\/uploads\/2023\/07\/333379488_1268265647235364_4595947248835462577_n.jpg\" alt=\"\" class=\"wp-image-1678\" srcset=\"https:\/\/www.viladogcat.com\/wp-content\/uploads\/2023\/07\/333379488_1268265647235364_4595947248835462577_n.jpg 1080w, https:\/\/www.viladogcat.com\/wp-content\/uploads\/2023\/07\/333379488_1268265647235364_4595947248835462577_n-300x300.jpg 300w, https:\/\/www.viladogcat.com\/wp-content\/uploads\/2023\/07\/333379488_1268265647235364_4595947248835462577_n-150x150.jpg 150w, https:\/\/www.viladogcat.com\/wp-content\/uploads\/2023\/07\/333379488_1268265647235364_4595947248835462577_n-800x800.jpg 800w\" sizes=\"(max-width: 1080px) 100vw, 1080px\" \/><\/figure>\n<\/div>\n\n\n\n<div class=\"is-layout-flow wp-block-column is-vertically-aligned-center\">\n<div class=\"is-layout-flow wp-block-group header-standard__content\"><h1 class=\"has-text-align-left wp-block-post-title has-huge-font-size\">Equip<\/h1>\n\n\n<p class=\"has-medium-font-size\">En <strong>Viladogcat<\/strong> som un equip de veterinaris i veterin\u00e0ries professionals, propers i amb una alta especialitzaci\u00f3 per a brindar un servei de qualitat i la millor experi\u00e8ncia per a les teves mascotes.<\/p>\n<\/div>\n<\/div>\n<\/div>\n<\/div>\n\n<div class=\"is-layout-constrained wp-container-6 wp-block-group block-section\" style=\"padding-top:20px;padding-right:20px;padding-bottom:20px;padding-left:20px\"><div id=\"team-block_d2e39d95f795a45ff5731c5b74acd8ea\" class=\"team-member is_link\">\n\n    <header>\n        <div class=\"header_image\">\n            <img width=\"1080\" height=\"1080\" src=\"https:\/\/www.viladogcat.com\/wp-content\/uploads\/2023\/07\/277114896_158515746587086_2378918888999135223_n.jpg?wsr\" class=\"attachment-full size-full\" alt=\"\" decoding=\"async\" loading=\"lazy\" srcset=\"https:\/\/www.viladogcat.com\/wp-content\/uploads\/2023\/07\/277114896_158515746587086_2378918888999135223_n.jpg 1080w, https:\/\/www.viladogcat.com\/wp-content\/uploads\/2023\/07\/277114896_158515746587086_2378918888999135223_n-300x300.jpg 300w, https:\/\/www.viladogcat.com\/wp-content\/uploads\/2023\/07\/277114896_158515746587086_2378918888999135223_n-150x150.jpg 150w, https:\/\/www.viladogcat.com\/wp-content\/uploads\/2023\/07\/277114896_158515746587086_2378918888999135223_n-800x800.jpg 800w\" sizes=\"(max-width: 1080px) 100vw, 1080px\" \/>        <\/div>\n        <div class=\"header_content\">\n            <h3 class=\"name\">Paula Blanco Iglesias<\/h3>\n            <p class=\"position\">Veterinaria y gerente<\/p>\n            <p class=\"small\">4166<\/p>        \n                            <a class=\"button clear black\" href=\"https:\/\/es.linkedin.com\/in\/paula-blanco-iglesias-58272a54\">Linkedin<\/a>\n                    <\/div>\n        <svg class=\"icon item-icon show-for-medium\" viewBox=\"0 0 60 60\"><use xlink:href=\"#chevron-right\"><\/use><\/svg>\n        <button class=\"button hollow small show-for-small-only\">Llegeix m\u00e9s<\/button>\n    <\/header>\n\n    <div class=\"team_member__content\">\n    <p>Paula estudi\u00f3 en la Universidad de Santiago de Compostela, campus Lugo. El \u00faltimo a\u00f1o de carrera lo realiz\u00f3 en la universidad de Murcia, donde fue interna en el servicio de cardiorrespiratorio del hospital veterinario de la facultad.<\/p>\n<p>Despu\u00e9s de trabajar un breve per\u00edodo en grandes animales, empieza a ejercer en peque\u00f1os animales en 2006. A lo largo de estos 15 a\u00f1os ha ejercido la veterinaria en hospitales y cl\u00ednicas veterinarias de referencia, ubicados en el vall\u00e9s occidental y Barcelona capital.<\/p>\n<p>En este per\u00edodo realiza multitud de cursos de formaci\u00f3n. Destacando los realizados en las \u00e1reas de la cardiolog\u00eda, cirug\u00eda y acupuntura.<\/p>\n<p>En el a\u00f1o 2016 funda Viladogcat Veterinaris, cl\u00ednica veterinaria situada en el barrio de Sant Antoni dotada de todo lo necesario para ofrecer un servicio veterinario de calidad.<\/p>\n    <\/div>\n\n\n<\/div>\n\n<script type=\"text\/javascript\">\n\nvar $=jQuery.noConflict();\n$(document).ready(function() {\n\n let item = $(\" #team-block_d2e39d95f795a45ff5731c5b74acd8ea header\");\n let team_content = $(\" #team-block_d2e39d95f795a45ff5731c5b74acd8ea .team_member__content\");\n\n item.click(function(){\n    team_content.toggleClass(\"show\");\n    item.toggleClass('is-open');\n });\n\n});\n\n<\/script>\n\n<div id=\"team-block_fb863ae4d4f489ccd8779c64073e6bf7\" class=\"team-member is_link\">\n\n    <header>\n        <div class=\"header_image\">\n            <img width=\"1080\" height=\"1080\" src=\"https:\/\/www.viladogcat.com\/wp-content\/uploads\/2023\/07\/283796065_3190258754595238_5717895805976194733_n.jpg?wsr\" class=\"attachment-full size-full\" alt=\"\" decoding=\"async\" loading=\"lazy\" srcset=\"https:\/\/www.viladogcat.com\/wp-content\/uploads\/2023\/07\/283796065_3190258754595238_5717895805976194733_n.jpg 1080w, https:\/\/www.viladogcat.com\/wp-content\/uploads\/2023\/07\/283796065_3190258754595238_5717895805976194733_n-300x300.jpg 300w, https:\/\/www.viladogcat.com\/wp-content\/uploads\/2023\/07\/283796065_3190258754595238_5717895805976194733_n-150x150.jpg 150w, https:\/\/www.viladogcat.com\/wp-content\/uploads\/2023\/07\/283796065_3190258754595238_5717895805976194733_n-800x800.jpg 800w\" sizes=\"(max-width: 1080px) 100vw, 1080px\" \/>        <\/div>\n        <div class=\"header_content\">\n            <h3 class=\"name\">Berta Manuel Mart\u00edn<\/h3>\n            <p class=\"position\">Auxiliar veterinaria<\/p>\n            <p class=\"small\">1234<\/p>        \n                            <a class=\"button clear black\" href=\"linkedin url here\">Linkedin<\/a>\n                    <\/div>\n        <svg class=\"icon item-icon show-for-medium\" viewBox=\"0 0 60 60\"><use xlink:href=\"#chevron-right\"><\/use><\/svg>\n        <button class=\"button hollow small show-for-small-only\">Llegeix m\u00e9s<\/button>\n    <\/header>\n\n    <div class=\"team_member__content\">\n    <p>Berta se ha formado como auxiliar t\u00e9cnica veterinaria en el Hospital Cl\u00ednico Veterinario UAB. Una vez finalizado los estudios de seguida empez\u00f3 a trabajar. Actualmente lleva 9 a\u00f1os de experiencia en cl\u00ednica, tanto en atenci\u00f3n al cliente como en cirug\u00eda y laboratorio.<\/p>\n<p>Empez\u00f3 en Viladogcat 3 meses despu\u00e9s de abrir la cl\u00ednica, sin duda es toda una veterana.<\/p>\n    <\/div>\n\n\n<\/div>\n\n<script type=\"text\/javascript\">\n\nvar $=jQuery.noConflict();\n$(document).ready(function() {\n\n let item = $(\" #team-block_fb863ae4d4f489ccd8779c64073e6bf7 header\");\n let team_content = $(\" #team-block_fb863ae4d4f489ccd8779c64073e6bf7 .team_member__content\");\n\n item.click(function(){\n    team_content.toggleClass(\"show\");\n    item.toggleClass('is-open');\n });\n\n});\n\n<\/script>\n\n<div id=\"team-block_55900e31e4b8cfc8f491ec156e3a6298\" class=\"team-member is_link\">\n\n    <header>\n        <div class=\"header_image\">\n            <img width=\"1080\" height=\"1080\" src=\"https:\/\/www.viladogcat.com\/wp-content\/uploads\/2023\/07\/296085613_151140844187670_3208997258207438617_n.jpg?wsr\" class=\"attachment-full size-full\" alt=\"\" decoding=\"async\" loading=\"lazy\" srcset=\"https:\/\/www.viladogcat.com\/wp-content\/uploads\/2023\/07\/296085613_151140844187670_3208997258207438617_n.jpg 1080w, https:\/\/www.viladogcat.com\/wp-content\/uploads\/2023\/07\/296085613_151140844187670_3208997258207438617_n-300x300.jpg 300w, https:\/\/www.viladogcat.com\/wp-content\/uploads\/2023\/07\/296085613_151140844187670_3208997258207438617_n-150x150.jpg 150w, https:\/\/www.viladogcat.com\/wp-content\/uploads\/2023\/07\/296085613_151140844187670_3208997258207438617_n-800x800.jpg 800w\" sizes=\"(max-width: 1080px) 100vw, 1080px\" \/>        <\/div>\n        <div class=\"header_content\">\n            <h3 class=\"name\">Olaya G\u00f3mez<\/h3>\n            <p class=\"position\">Auxiliar veterinaria<\/p>\n            <p class=\"small\">1234<\/p>        \n                            <a class=\"button clear black\" href=\"linkedin url here\">Linkedin<\/a>\n                    <\/div>\n        <svg class=\"icon item-icon show-for-medium\" viewBox=\"0 0 60 60\"><use xlink:href=\"#chevron-right\"><\/use><\/svg>\n        <button class=\"button hollow small show-for-small-only\">Llegeix m\u00e9s<\/button>\n    <\/header>\n\n    <div class=\"team_member__content\">\n    <p>Olaya estudi\u00f3 en el Hospital Veterinario Montjuic y enseguida se incorpor\u00f3 a nuestro equipo donde lleva ya dos a\u00f1os y medio.\u2063<br \/>\n\u2063<br \/>\nOlaya no ve la vida sin compartirla con los peludos, y por eso se dedica a darle la mejor atenci\u00f3n a nuestros compa\u00f1eros de 4 patas.\u2063<\/p>\n    <\/div>\n\n\n<\/div>\n\n<script type=\"text\/javascript\">\n\nvar $=jQuery.noConflict();\n$(document).ready(function() {\n\n let item = $(\" #team-block_55900e31e4b8cfc8f491ec156e3a6298 header\");\n let team_content = $(\" #team-block_55900e31e4b8cfc8f491ec156e3a6298 .team_member__content\");\n\n item.click(function(){\n    team_content.toggleClass(\"show\");\n    item.toggleClass('is-open');\n });\n\n});\n\n<\/script>\n\n<div id=\"team-block_a50a10342bd20c941a9626f7a6c21bba\" class=\"team-member is_link\">\n\n    <header>\n        <div class=\"header_image\">\n            <img width=\"1080\" height=\"1080\" src=\"https:\/\/www.viladogcat.com\/wp-content\/uploads\/2023\/07\/317355894_870054467510040_2965881306731342695_n.jpg?wsr\" class=\"attachment-full size-full\" alt=\"\" decoding=\"async\" loading=\"lazy\" srcset=\"https:\/\/www.viladogcat.com\/wp-content\/uploads\/2023\/07\/317355894_870054467510040_2965881306731342695_n.jpg 1080w, https:\/\/www.viladogcat.com\/wp-content\/uploads\/2023\/07\/317355894_870054467510040_2965881306731342695_n-300x300.jpg 300w, https:\/\/www.viladogcat.com\/wp-content\/uploads\/2023\/07\/317355894_870054467510040_2965881306731342695_n-150x150.jpg 150w, https:\/\/www.viladogcat.com\/wp-content\/uploads\/2023\/07\/317355894_870054467510040_2965881306731342695_n-800x800.jpg 800w\" sizes=\"(max-width: 1080px) 100vw, 1080px\" \/>        <\/div>\n        <div class=\"header_content\">\n            <h3 class=\"name\">Helena Fern\u00e1ndez<\/h3>\n            <p class=\"position\">Veterinaria<\/p>\n            <p class=\"small\">4945<\/p>        \n                            <a class=\"button clear black\" href=\"linkedin url here\">Linkedin<\/a>\n                    <\/div>\n        <svg class=\"icon item-icon show-for-medium\" viewBox=\"0 0 60 60\"><use xlink:href=\"#chevron-right\"><\/use><\/svg>\n        <button class=\"button hollow small show-for-small-only\">Llegeix m\u00e9s<\/button>\n    <\/header>\n\n    <div class=\"team_member__content\">\n    <p>Helena termin\u00f3 la licenciatura de veterinaria en el 2012 y desde entonces ha trabajado en diferentes cl\u00ednicas y hospitales veterinarios. Tambi\u00e9n ha realizado cursos de formaci\u00f3n a lo largo de estos a\u00f1os.<\/p>\n<p>Lo que m\u00e1s le gusta de la veterinaria es la medicina interna, la imagen y las urgencias. Tambi\u00e9n el trato con las personas.\u00a0 Empez\u00f3 en Viladogcat en septiembre de 2021 pero despu\u00e9s se fue unos meses sab\u00e1ticos. En 2022 volvi\u00f3 con muchas ganas e ilusi\u00f3n.<\/p>\n    <\/div>\n\n\n<\/div>\n\n<script type=\"text\/javascript\">\n\nvar $=jQuery.noConflict();\n$(document).ready(function() {\n\n let item = $(\" #team-block_a50a10342bd20c941a9626f7a6c21bba header\");\n let team_content = $(\" #team-block_a50a10342bd20c941a9626f7a6c21bba .team_member__content\");\n\n item.click(function(){\n    team_content.toggleClass(\"show\");\n    item.toggleClass('is-open');\n });\n\n});\n\n<\/script>\n\n<div id=\"team-block_e8ea30e6b1cfdbb338f0a644929735c0\" class=\"team-member is_link\">\n\n    <header>\n        <div class=\"header_image\">\n            <img width=\"1080\" height=\"1080\" src=\"https:\/\/www.viladogcat.com\/wp-content\/uploads\/2023\/07\/292019645_554444389664348_4844155446824485281_n-1.jpg?wsr\" class=\"attachment-full size-full\" alt=\"\" decoding=\"async\" loading=\"lazy\" srcset=\"https:\/\/www.viladogcat.com\/wp-content\/uploads\/2023\/07\/292019645_554444389664348_4844155446824485281_n-1.jpg 1080w, https:\/\/www.viladogcat.com\/wp-content\/uploads\/2023\/07\/292019645_554444389664348_4844155446824485281_n-1-300x300.jpg 300w, https:\/\/www.viladogcat.com\/wp-content\/uploads\/2023\/07\/292019645_554444389664348_4844155446824485281_n-1-150x150.jpg 150w, https:\/\/www.viladogcat.com\/wp-content\/uploads\/2023\/07\/292019645_554444389664348_4844155446824485281_n-1-800x800.jpg 800w\" sizes=\"(max-width: 1080px) 100vw, 1080px\" \/>        <\/div>\n        <div class=\"header_content\">\n            <h3 class=\"name\">Bel\u00e9n Barrantes Guill\u00e9n<\/h3>\n            <p class=\"position\">Veterinaria colaboradora<\/p>\n            <p class=\"small\">3120<\/p>        \n                            <a class=\"button clear black\" href=\"linkedin url here\">Linkedin<\/a>\n                    <\/div>\n        <svg class=\"icon item-icon show-for-medium\" viewBox=\"0 0 60 60\"><use xlink:href=\"#chevron-right\"><\/use><\/svg>\n        <button class=\"button hollow small show-for-small-only\">Llegeix m\u00e9s<\/button>\n    <\/header>\n\n    <div class=\"team_member__content\">\n    <p>Bel\u00e9n finaliz\u00f3 sus estudios en la Universidad Aut\u00f3noma de Barcelona en el a\u00f1o 2001. Desde entonces ha ejercido la veterinaria en diferentes cl\u00ednicas de Barcelona y provincia, as\u00ed como en centros de acogida de animales del Vall\u00e9s Occidental y del Maresme.<\/p>\n<p>Se ha formado como T\u00e9cnica en terapia asistida con perros y especial inter\u00e9s en temas de comportamiento y comunicaci\u00f3n animal. Actualmente forma parte del proyecto TAA Curecan y colabora con Viladogcat.<\/p>\n    <\/div>\n\n\n<\/div>\n\n<script type=\"text\/javascript\">\n\nvar $=jQuery.noConflict();\n$(document).ready(function() {\n\n let item = $(\" #team-block_e8ea30e6b1cfdbb338f0a644929735c0 header\");\n let team_content = $(\" #team-block_e8ea30e6b1cfdbb338f0a644929735c0 .team_member__content\");\n\n item.click(function(){\n    team_content.toggleClass(\"show\");\n    item.toggleClass('is-open');\n });\n\n});\n\n<\/script>\n\n<div id=\"team-block_09305910dbd0c9685c0ba4898a99c2fc\" class=\"team-member is_link\">\n\n    <header>\n        <div class=\"header_image\">\n            <img width=\"1080\" height=\"1080\" src=\"https:\/\/www.viladogcat.com\/wp-content\/uploads\/2023\/07\/300868354_801314984381721_4819343821846898756_n-1.jpg?wsr\" class=\"attachment-full size-full\" alt=\"\" decoding=\"async\" loading=\"lazy\" srcset=\"https:\/\/www.viladogcat.com\/wp-content\/uploads\/2023\/07\/300868354_801314984381721_4819343821846898756_n-1.jpg 1080w, https:\/\/www.viladogcat.com\/wp-content\/uploads\/2023\/07\/300868354_801314984381721_4819343821846898756_n-1-300x300.jpg 300w, https:\/\/www.viladogcat.com\/wp-content\/uploads\/2023\/07\/300868354_801314984381721_4819343821846898756_n-1-150x150.jpg 150w, https:\/\/www.viladogcat.com\/wp-content\/uploads\/2023\/07\/300868354_801314984381721_4819343821846898756_n-1-800x800.jpg 800w\" sizes=\"(max-width: 1080px) 100vw, 1080px\" \/>        <\/div>\n        <div class=\"header_content\">\n            <h3 class=\"name\">Albert Hern\u00e1ndez<\/h3>\n            <p class=\"position\">Veterinario<\/p>\n            <p class=\"small\">4265<\/p>        \n                            <a class=\"button clear black\" href=\"linkedin url here\">Linkedin<\/a>\n                    <\/div>\n        <svg class=\"icon item-icon show-for-medium\" viewBox=\"0 0 60 60\"><use xlink:href=\"#chevron-right\"><\/use><\/svg>\n        <button class=\"button hollow small show-for-small-only\">Llegeix m\u00e9s<\/button>\n    <\/header>\n\n    <div class=\"team_member__content\">\n    <p>Albert Hern\u00e1ndez termin\u00f3 la carrera de veterinaria en el a\u00f1o 2018 y desde entonces ha estado trabajando en diferentes hospitales y cl\u00ednicas veterinarias de Barcelona. Ha realizado diferentes cursos de formaci\u00f3n en medicina interna y ecograf\u00eda abdominal.<\/p>\n<p>En junio de 2022 empez\u00f3 a trabajar en Viladogcat, con la esperanza de estar m\u00e1s tiempo. Amante de los animales y le gusta mucho la comunicaci\u00f3n con los propietarios y propietarias de las mascotas. Tiene un perro adoptado con problemas de comportamiento, pero actualmente est\u00e1 estable.<\/p>\n    <\/div>\n\n\n<\/div>\n\n<script type=\"text\/javascript\">\n\nvar $=jQuery.noConflict();\n$(document).ready(function() {\n\n let item = $(\" #team-block_09305910dbd0c9685c0ba4898a99c2fc header\");\n let team_content = $(\" #team-block_09305910dbd0c9685c0ba4898a99c2fc .team_member__content\");\n\n item.click(function(){\n    team_content.toggleClass(\"show\");\n    item.toggleClass('is-open');\n });\n\n});\n\n<\/script><\/div>\n","protected":false},"excerpt":{"rendered":"<p>En Viladogcat som un equip de veterinaris i veterin\u00e0ries professionals, propers i amb una alta especialitzaci\u00f3 per a brindar un servei de qualitat i la millor experi\u00e8ncia per a les teves mascotes.<\/p>\n","protected":false},"author":1,"featured_media":312,"parent":0,"menu_order":0,"comment_status":"closed","ping_status":"closed","template":"","meta":[],"acf":[],"yoast_head":"<!-- This site is optimized with the Yoast SEO plugin v21.0 - https:\/\/yoast.com\/wordpress\/plugins\/seo\/ -->\n<title>Equip - Viladogcat<\/title>\n<meta name=\"description\" content=\"En Viladogcat som un equip de veterinaris i veterin\u00e0ries professionals, propers i amb una alta especialitzaci\u00f3.\" \/>\n<meta name=\"robots\" content=\"index, follow, max-snippet:-1, max-image-preview:large, max-video-preview:-1\" \/>\n<link rel=\"canonical\" href=\"https:\/\/www.viladogcat.com\/ca\/equip\/\" \/>\n<meta property=\"og:locale\" content=\"ca_ES\" \/>\n<meta property=\"og:type\" content=\"article\" \/>\n<meta property=\"og:title\" content=\"Equip - Viladogcat\" \/>\n<meta property=\"og:description\" content=\"En Viladogcat som un equip de veterinaris i veterin\u00e0ries professionals, propers i amb una alta especialitzaci\u00f3.\" \/>\n<meta property=\"og:url\" content=\"https:\/\/www.viladogcat.com\/ca\/equip\/\" \/>\n<meta property=\"og:site_name\" content=\"Viladogcat\" \/>\n<meta property=\"article:modified_time\" content=\"2023-08-28T18:45:13+00:00\" \/>\n<meta property=\"og:image\" content=\"https:\/\/www.viladogcat.com\/wp-content\/uploads\/2022\/05\/brooke-cagle-uHVRvDr7pg-unsplash.jpg\" \/>\n\t<meta property=\"og:image:width\" content=\"2000\" \/>\n\t<meta property=\"og:image:height\" content=\"1334\" \/>\n\t<meta property=\"og:image:type\" content=\"image\/jpeg\" \/>\n<meta name=\"twitter:card\" content=\"summary_large_image\" \/>\n<script type=\"application\/ld+json\" class=\"yoast-schema-graph\">{\"@context\":\"https:\/\/schema.org\",\"@graph\":[{\"@type\":\"WebPage\",\"@id\":\"https:\/\/www.viladogcat.com\/ca\/equip\/\",\"url\":\"https:\/\/www.viladogcat.com\/ca\/equip\/\",\"name\":\"Equip - Viladogcat\",\"isPartOf\":{\"@id\":\"https:\/\/www.viladogcat.com\/ca\/#website\"},\"datePublished\":\"2023-08-28T18:45:11+00:00\",\"dateModified\":\"2023-08-28T18:45:13+00:00\",\"description\":\"En Viladogcat som un equip de veterinaris i veterin\u00e0ries professionals, propers i amb una alta especialitzaci\u00f3.\",\"breadcrumb\":{\"@id\":\"https:\/\/www.viladogcat.com\/ca\/equip\/#breadcrumb\"},\"inLanguage\":\"ca\",\"potentialAction\":[{\"@type\":\"ReadAction\",\"target\":[\"https:\/\/www.viladogcat.com\/ca\/equip\/\"]}]},{\"@type\":\"BreadcrumbList\",\"@id\":\"https:\/\/www.viladogcat.com\/ca\/equip\/#breadcrumb\",\"itemListElement\":[{\"@type\":\"ListItem\",\"position\":1,\"name\":\"Home\",\"item\":\"https:\/\/www.viladogcat.com\/ca\/\"},{\"@type\":\"ListItem\",\"position\":2,\"name\":\"Equip\"}]},{\"@type\":\"WebSite\",\"@id\":\"https:\/\/www.viladogcat.com\/ca\/#website\",\"url\":\"https:\/\/www.viladogcat.com\/ca\/\",\"name\":\"Viladogcat\",\"description\":\"Just another WordPress site\",\"potentialAction\":[{\"@type\":\"SearchAction\",\"target\":{\"@type\":\"EntryPoint\",\"urlTemplate\":\"https:\/\/www.viladogcat.com\/ca\/?s={search_term_string}\"},\"query-input\":\"required name=search_term_string\"}],\"inLanguage\":\"ca\"}]}<\/script>\n<!-- \/ Yoast SEO plugin. -->","yoast_head_json":{"title":"Equip - Viladogcat","description":"En Viladogcat som un equip de veterinaris i veterin\u00e0ries professionals, propers i amb una alta especialitzaci\u00f3.","robots":{"index":"index","follow":"follow","max-snippet":"max-snippet:-1","max-image-preview":"max-image-preview:large","max-video-preview":"max-video-preview:-1"},"canonical":"https:\/\/www.viladogcat.com\/ca\/equip\/","og_locale":"ca_ES","og_type":"article","og_title":"Equip - Viladogcat","og_description":"En Viladogcat som un equip de veterinaris i veterin\u00e0ries professionals, propers i amb una alta especialitzaci\u00f3.","og_url":"https:\/\/www.viladogcat.com\/ca\/equip\/","og_site_name":"Viladogcat","article_modified_time":"2023-08-28T18:45:13+00:00","og_image":[{"width":2000,"height":1334,"url":"https:\/\/www.viladogcat.com\/wp-content\/uploads\/2022\/05\/brooke-cagle-uHVRvDr7pg-unsplash.jpg","type":"image\/jpeg"}],"twitter_card":"summary_large_image","schema":{"@context":"https:\/\/schema.org","@graph":[{"@type":"WebPage","@id":"https:\/\/www.viladogcat.com\/ca\/equip\/","url":"https:\/\/www.viladogcat.com\/ca\/equip\/","name":"Equip - Viladogcat","isPartOf":{"@id":"https:\/\/www.viladogcat.com\/ca\/#website"},"datePublished":"2023-08-28T18:45:11+00:00","dateModified":"2023-08-28T18:45:13+00:00","description":"En Viladogcat som un equip de veterinaris i veterin\u00e0ries professionals, propers i amb una alta especialitzaci\u00f3.","breadcrumb":{"@id":"https:\/\/www.viladogcat.com\/ca\/equip\/#breadcrumb"},"inLanguage":"ca","potentialAction":[{"@type":"ReadAction","target":["https:\/\/www.viladogcat.com\/ca\/equip\/"]}]},{"@type":"BreadcrumbList","@id":"https:\/\/www.viladogcat.com\/ca\/equip\/#breadcrumb","itemListElement":[{"@type":"ListItem","position":1,"name":"Home","item":"https:\/\/www.viladogcat.com\/ca\/"},{"@type":"ListItem","position":2,"name":"Equip"}]},{"@type":"WebSite","@id":"https:\/\/www.viladogcat.com\/ca\/#website","url":"https:\/\/www.viladogcat.com\/ca\/","name":"Viladogcat","description":"Just another WordPress site","potentialAction":[{"@type":"SearchAction","target":{"@type":"EntryPoint","urlTemplate":"https:\/\/www.viladogcat.com\/ca\/?s={search_term_string}"},"query-input":"required name=search_term_string"}],"inLanguage":"ca"}]}},"_links":{"self":[{"href":"https:\/\/www.viladogcat.com\/ca\/wp-json\/wp\/v2\/pages\/1940"}],"collection":[{"href":"https:\/\/www.viladogcat.com\/ca\/wp-json\/wp\/v2\/pages"}],"about":[{"href":"https:\/\/www.viladogcat.com\/ca\/wp-json\/wp\/v2\/types\/page"}],"author":[{"embeddable":true,"href":"https:\/\/www.viladogcat.com\/ca\/wp-json\/wp\/v2\/users\/1"}],"replies":[{"embeddable":true,"href":"https:\/\/www.viladogcat.com\/ca\/wp-json\/wp\/v2\/comments?post=1940"}],"version-history":[{"count":3,"href":"https:\/\/www.viladogcat.com\/ca\/wp-json\/wp\/v2\/pages\/1940\/revisions"}],"predecessor-version":[{"id":1943,"href":"https:\/\/www.viladogcat.com\/ca\/wp-json\/wp\/v2\/pages\/1940\/revisions\/1943"}],"wp:featuredmedia":[{"embeddable":true,"href":"https:\/\/www.viladogcat.com\/ca\/wp-json\/wp\/v2\/media\/312"}],"wp:attachment":[{"href":"https:\/\/www.viladogcat.com\/ca\/wp-json\/wp\/v2\/media?parent=1940"}],"curies":[{"name":"wp","href":"https:\/\/api.w.org\/{rel}","templated":true}]}}