{"id":1944,"date":"2023-08-28T18:46:10","date_gmt":"2023-08-28T18:46:10","guid":{"rendered":"https:\/\/dev.vueloiv.com\/viladogcat\/web\/opinions\/"},"modified":"2023-08-28T18:46:13","modified_gmt":"2023-08-28T18:46:13","slug":"opinions","status":"publish","type":"page","link":"https:\/\/www.viladogcat.com\/ca\/opinions\/","title":{"rendered":"Opinions"},"content":{"rendered":"\n<div class=\"is-layout-flow wp-block-group alignfull page-header header-standard\">\n<div class=\"is-layout-flex wp-container-4 wp-block-columns are-vertically-aligned-center\">\n<div class=\"is-layout-flow wp-block-column is-vertically-aligned-center\" style=\"flex-basis:400px\">\n<figure class=\"wp-block-image size-full is-style-rounded header-standard__image\"><img decoding=\"async\" loading=\"lazy\" width=\"1080\" height=\"1080\" src=\"https:\/\/www.viladogcat.com\/wp-content\/uploads\/2023\/05\/Disseny-sense-titol-4-2.png\" alt=\"\" class=\"wp-image-1518\" srcset=\"https:\/\/www.viladogcat.com\/wp-content\/uploads\/2023\/05\/Disseny-sense-titol-4-2.png 1080w, https:\/\/www.viladogcat.com\/wp-content\/uploads\/2023\/05\/Disseny-sense-titol-4-2-300x300.png 300w, https:\/\/www.viladogcat.com\/wp-content\/uploads\/2023\/05\/Disseny-sense-titol-4-2-150x150.png 150w, https:\/\/www.viladogcat.com\/wp-content\/uploads\/2023\/05\/Disseny-sense-titol-4-2-800x800.png 800w\" sizes=\"(max-width: 1080px) 100vw, 1080px\" \/><\/figure>\n<\/div>\n\n\n\n<div class=\"is-layout-flow wp-block-column is-vertically-aligned-center\">\n<div class=\"is-layout-flow wp-block-group header-standard__content\"><h1 class=\"wp-block-post-title has-huge-font-size\">Opinions<\/h1>\n\n\n<p class=\"has-medium-font-size\">Les opinions dels nostres clients s\u00f3n fonamentals per a generar <strong>confian\u00e7a, transpar\u00e8ncia<\/strong> i oferir la millora continuada en la qualitat dels serveis i atenci\u00f3 al client. <\/p>\n<\/div>\n<\/div>\n<\/div>\n<\/div>\n\n<div class=\"is-layout-flow wp-block-group\">\n\n<section id=\"cpt-query-block_728dc6fcb0aa4b252a4fb76740daf420\" class=\"cpt-query testimonial-list disable-click-for-preview\">\n\n\n        \n<div class=\"testimonial-grid testimonial-list__loop\">\n\n    <!-- pagination here -->\n\n    <!-- the loop -->\n    \n        \n            <div class=\"grid-item testimonial-item global-container \">\n            <img width=\"768\" height=\"1024\" src=\"https:\/\/www.viladogcat.com\/wp-content\/uploads\/2022\/05\/WhatsApp-Image-2023-07-20-at-09.46.49-1.jpeg?wsr\" class=\"attachment-large size-large wp-post-image\" alt=\"\" decoding=\"async\" loading=\"lazy\" srcset=\"https:\/\/www.viladogcat.com\/wp-content\/uploads\/2022\/05\/WhatsApp-Image-2023-07-20-at-09.46.49-1.jpeg 768w, https:\/\/www.viladogcat.com\/wp-content\/uploads\/2022\/05\/WhatsApp-Image-2023-07-20-at-09.46.49-1-225x300.jpeg 225w\" sizes=\"(max-width: 768px) 100vw, 768px\" \/>            <div class=\"title\">Janice velasco<\/div>\n            <p>S\u00f3n molt professionals. Tenen quir\u00f2fan, raigs x i possibilitat de fer anal\u00edtiques i test d&#8217;urg\u00e8ncies, a m\u00e9s de molt ben coordinats amb altres cl\u00edniques en cas de necessitar hospitalitzaci\u00f3 com en el de la meva gateta.<\/p>\n            <\/div>\n        \n\n    \n        \n            <div class=\"grid-item testimonial-item global-container \">\n            <img width=\"988\" height=\"1024\" src=\"https:\/\/www.viladogcat.com\/wp-content\/uploads\/2022\/05\/6BD636E4-47F0-47C4-AEEE-94EBCC0D1F9E-1-1124x1165.jpg?wsr\" class=\"attachment-large size-large wp-post-image\" alt=\"\" decoding=\"async\" loading=\"lazy\" srcset=\"https:\/\/www.viladogcat.com\/wp-content\/uploads\/2022\/05\/6BD636E4-47F0-47C4-AEEE-94EBCC0D1F9E-1-1124x1165.jpg 1124w, https:\/\/www.viladogcat.com\/wp-content\/uploads\/2022\/05\/6BD636E4-47F0-47C4-AEEE-94EBCC0D1F9E-1-289x300.jpg 289w, https:\/\/www.viladogcat.com\/wp-content\/uploads\/2022\/05\/6BD636E4-47F0-47C4-AEEE-94EBCC0D1F9E-1-800x829.jpg 800w, https:\/\/www.viladogcat.com\/wp-content\/uploads\/2022\/05\/6BD636E4-47F0-47C4-AEEE-94EBCC0D1F9E-1-1482x1536.jpg 1482w, https:\/\/www.viladogcat.com\/wp-content\/uploads\/2022\/05\/6BD636E4-47F0-47C4-AEEE-94EBCC0D1F9E-1-1975x2048.jpg 1975w, https:\/\/www.viladogcat.com\/wp-content\/uploads\/2022\/05\/6BD636E4-47F0-47C4-AEEE-94EBCC0D1F9E-1-1500x1555.jpg 1500w\" sizes=\"(max-width: 988px) 100vw, 988px\" \/>            <div class=\"title\">Ana Savu<\/div>\n            <p>Portem anys amb aquesta cl\u00ednica i sempre ens han tractat molt b\u00e9 i ens han donat les millors solucions! Molt agra\u00efts a tot l&#8217;equip, per\u00f2 especialment al Dr. Albert que ens ha tractat amb molt d&#8217;afecte i professionalitat!<\/p>\n            <\/div>\n        \n\n    \n        \n            <div class=\"grid-item testimonial-item global-container \">\n            <img width=\"1024\" height=\"1024\" src=\"https:\/\/www.viladogcat.com\/wp-content\/uploads\/2022\/05\/14478355_263018754091631_8569551596336185344_n.jpg?wsr\" class=\"attachment-large size-large wp-post-image\" alt=\"\" decoding=\"async\" loading=\"lazy\" srcset=\"https:\/\/www.viladogcat.com\/wp-content\/uploads\/2022\/05\/14478355_263018754091631_8569551596336185344_n.jpg 1080w, https:\/\/www.viladogcat.com\/wp-content\/uploads\/2022\/05\/14478355_263018754091631_8569551596336185344_n-300x300.jpg 300w, https:\/\/www.viladogcat.com\/wp-content\/uploads\/2022\/05\/14478355_263018754091631_8569551596336185344_n-150x150.jpg 150w, https:\/\/www.viladogcat.com\/wp-content\/uploads\/2022\/05\/14478355_263018754091631_8569551596336185344_n-800x800.jpg 800w\" sizes=\"(max-width: 1024px) 100vw, 1024px\" \/>            <div class=\"title\">Nicolas Obon<\/div>\n            <p>Tenim 2 Carlinos, i som clients des que van obrir. A Paula no la canviem per res del m\u00f3n. No podem estar m\u00e9s contents amb uds! Molt professionals i sempre pensant en el benestar dels nostres gossos.<\/p>\n            <\/div>\n        \n\n        <!-- end of the loop -->\n\n    <!-- pagination here -->\n\n    \n    <\/div>\n\n\n    \n\n<\/section><\/div>\n","protected":false},"excerpt":{"rendered":"<p>Les opinions dels nostres clients s\u00f3n fonamentals per a generar confian\u00e7a, transpar\u00e8ncia i oferir la millora continuada en la qualitat dels serveis i atenci\u00f3 al client.<\/p>\n","protected":false},"author":1,"featured_media":0,"parent":0,"menu_order":0,"comment_status":"closed","ping_status":"closed","template":"","meta":[],"acf":[],"yoast_head":"<!-- This site is optimized with the Yoast SEO plugin v21.0 - https:\/\/yoast.com\/wordpress\/plugins\/seo\/ -->\n<title>Opinions - Viladogcat<\/title>\n<meta name=\"description\" content=\"Les opinions dels nostres clients s\u00f3n fonamentals per a generar confian\u00e7a, transpar\u00e8ncia i oferir la millora continuada.\" \/>\n<meta name=\"robots\" content=\"index, follow, max-snippet:-1, max-image-preview:large, max-video-preview:-1\" \/>\n<link rel=\"canonical\" href=\"https:\/\/www.viladogcat.com\/ca\/opinions\/\" \/>\n<meta property=\"og:locale\" content=\"ca_ES\" \/>\n<meta property=\"og:type\" content=\"article\" \/>\n<meta property=\"og:title\" content=\"Opinions - Viladogcat\" \/>\n<meta property=\"og:description\" content=\"Les opinions dels nostres clients s\u00f3n fonamentals per a generar confian\u00e7a, transpar\u00e8ncia i oferir la millora continuada.\" \/>\n<meta property=\"og:url\" content=\"https:\/\/www.viladogcat.com\/ca\/opinions\/\" \/>\n<meta property=\"og:site_name\" content=\"Viladogcat\" \/>\n<meta property=\"article:modified_time\" content=\"2023-08-28T18:46:13+00:00\" \/>\n<meta property=\"og:image\" content=\"https:\/\/dev.vueloiv.com\/viladogcat\/web\/wp-content\/uploads\/2023\/05\/Disseny-sense-titol-4-2.png\" \/>\n<meta name=\"twitter:card\" content=\"summary_large_image\" \/>\n<script type=\"application\/ld+json\" class=\"yoast-schema-graph\">{\"@context\":\"https:\/\/schema.org\",\"@graph\":[{\"@type\":\"WebPage\",\"@id\":\"https:\/\/www.viladogcat.com\/ca\/opinions\/\",\"url\":\"https:\/\/www.viladogcat.com\/ca\/opinions\/\",\"name\":\"Opinions - Viladogcat\",\"isPartOf\":{\"@id\":\"https:\/\/www.viladogcat.com\/ca\/#website\"},\"datePublished\":\"2023-08-28T18:46:10+00:00\",\"dateModified\":\"2023-08-28T18:46:13+00:00\",\"description\":\"Les opinions dels nostres clients s\u00f3n fonamentals per a generar confian\u00e7a, transpar\u00e8ncia i oferir la millora continuada.\",\"breadcrumb\":{\"@id\":\"https:\/\/www.viladogcat.com\/ca\/opinions\/#breadcrumb\"},\"inLanguage\":\"ca\",\"potentialAction\":[{\"@type\":\"ReadAction\",\"target\":[\"https:\/\/www.viladogcat.com\/ca\/opinions\/\"]}]},{\"@type\":\"BreadcrumbList\",\"@id\":\"https:\/\/www.viladogcat.com\/ca\/opinions\/#breadcrumb\",\"itemListElement\":[{\"@type\":\"ListItem\",\"position\":1,\"name\":\"Home\",\"item\":\"https:\/\/www.viladogcat.com\/ca\/\"},{\"@type\":\"ListItem\",\"position\":2,\"name\":\"Opinions\"}]},{\"@type\":\"WebSite\",\"@id\":\"https:\/\/www.viladogcat.com\/ca\/#website\",\"url\":\"https:\/\/www.viladogcat.com\/ca\/\",\"name\":\"Viladogcat\",\"description\":\"Just another WordPress site\",\"potentialAction\":[{\"@type\":\"SearchAction\",\"target\":{\"@type\":\"EntryPoint\",\"urlTemplate\":\"https:\/\/www.viladogcat.com\/ca\/?s={search_term_string}\"},\"query-input\":\"required name=search_term_string\"}],\"inLanguage\":\"ca\"}]}<\/script>\n<!-- \/ Yoast SEO plugin. -->","yoast_head_json":{"title":"Opinions - Viladogcat","description":"Les opinions dels nostres clients s\u00f3n fonamentals per a generar confian\u00e7a, transpar\u00e8ncia i oferir la millora continuada.","robots":{"index":"index","follow":"follow","max-snippet":"max-snippet:-1","max-image-preview":"max-image-preview:large","max-video-preview":"max-video-preview:-1"},"canonical":"https:\/\/www.viladogcat.com\/ca\/opinions\/","og_locale":"ca_ES","og_type":"article","og_title":"Opinions - Viladogcat","og_description":"Les opinions dels nostres clients s\u00f3n fonamentals per a generar confian\u00e7a, transpar\u00e8ncia i oferir la millora continuada.","og_url":"https:\/\/www.viladogcat.com\/ca\/opinions\/","og_site_name":"Viladogcat","article_modified_time":"2023-08-28T18:46:13+00:00","og_image":[{"url":"https:\/\/dev.vueloiv.com\/viladogcat\/web\/wp-content\/uploads\/2023\/05\/Disseny-sense-titol-4-2.png"}],"twitter_card":"summary_large_image","schema":{"@context":"https:\/\/schema.org","@graph":[{"@type":"WebPage","@id":"https:\/\/www.viladogcat.com\/ca\/opinions\/","url":"https:\/\/www.viladogcat.com\/ca\/opinions\/","name":"Opinions - Viladogcat","isPartOf":{"@id":"https:\/\/www.viladogcat.com\/ca\/#website"},"datePublished":"2023-08-28T18:46:10+00:00","dateModified":"2023-08-28T18:46:13+00:00","description":"Les opinions dels nostres clients s\u00f3n fonamentals per a generar confian\u00e7a, transpar\u00e8ncia i oferir la millora continuada.","breadcrumb":{"@id":"https:\/\/www.viladogcat.com\/ca\/opinions\/#breadcrumb"},"inLanguage":"ca","potentialAction":[{"@type":"ReadAction","target":["https:\/\/www.viladogcat.com\/ca\/opinions\/"]}]},{"@type":"BreadcrumbList","@id":"https:\/\/www.viladogcat.com\/ca\/opinions\/#breadcrumb","itemListElement":[{"@type":"ListItem","position":1,"name":"Home","item":"https:\/\/www.viladogcat.com\/ca\/"},{"@type":"ListItem","position":2,"name":"Opinions"}]},{"@type":"WebSite","@id":"https:\/\/www.viladogcat.com\/ca\/#website","url":"https:\/\/www.viladogcat.com\/ca\/","name":"Viladogcat","description":"Just another WordPress site","potentialAction":[{"@type":"SearchAction","target":{"@type":"EntryPoint","urlTemplate":"https:\/\/www.viladogcat.com\/ca\/?s={search_term_string}"},"query-input":"required name=search_term_string"}],"inLanguage":"ca"}]}},"_links":{"self":[{"href":"https:\/\/www.viladogcat.com\/ca\/wp-json\/wp\/v2\/pages\/1944"}],"collection":[{"href":"https:\/\/www.viladogcat.com\/ca\/wp-json\/wp\/v2\/pages"}],"about":[{"href":"https:\/\/www.viladogcat.com\/ca\/wp-json\/wp\/v2\/types\/page"}],"author":[{"embeddable":true,"href":"https:\/\/www.viladogcat.com\/ca\/wp-json\/wp\/v2\/users\/1"}],"replies":[{"embeddable":true,"href":"https:\/\/www.viladogcat.com\/ca\/wp-json\/wp\/v2\/comments?post=1944"}],"version-history":[{"count":3,"href":"https:\/\/www.viladogcat.com\/ca\/wp-json\/wp\/v2\/pages\/1944\/revisions"}],"predecessor-version":[{"id":1947,"href":"https:\/\/www.viladogcat.com\/ca\/wp-json\/wp\/v2\/pages\/1944\/revisions\/1947"}],"wp:attachment":[{"href":"https:\/\/www.viladogcat.com\/ca\/wp-json\/wp\/v2\/media?parent=1944"}],"curies":[{"name":"wp","href":"https:\/\/api.w.org\/{rel}","templated":true}]}}