{"id":1952,"date":"2023-08-28T18:52:45","date_gmt":"2023-08-28T18:52:45","guid":{"rendered":"https:\/\/dev.vueloiv.com\/viladogcat\/web\/contacte\/"},"modified":"2023-08-28T18:52:47","modified_gmt":"2023-08-28T18:52:47","slug":"contacte","status":"publish","type":"page","link":"https:\/\/www.viladogcat.com\/ca\/contacte\/","title":{"rendered":"Contacte"},"content":{"rendered":"\n<div class=\"is-layout-flow wp-block-group alignfull page-header header-standard\">\n<div class=\"is-layout-flex wp-container-4 wp-block-columns are-vertically-aligned-center\">\n<div class=\"is-layout-flow wp-block-column is-vertically-aligned-center\" style=\"flex-basis:400px\">\n<figure class=\"wp-block-image size-full is-style-rounded header-standard__image\"><img decoding=\"async\" loading=\"lazy\" width=\"1080\" height=\"1080\" src=\"https:\/\/www.viladogcat.com\/wp-content\/uploads\/2023\/05\/Disseny-sense-titol-4-3.png\" alt=\"\" class=\"wp-image-1522\" srcset=\"https:\/\/www.viladogcat.com\/wp-content\/uploads\/2023\/05\/Disseny-sense-titol-4-3.png 1080w, https:\/\/www.viladogcat.com\/wp-content\/uploads\/2023\/05\/Disseny-sense-titol-4-3-300x300.png 300w, https:\/\/www.viladogcat.com\/wp-content\/uploads\/2023\/05\/Disseny-sense-titol-4-3-150x150.png 150w, https:\/\/www.viladogcat.com\/wp-content\/uploads\/2023\/05\/Disseny-sense-titol-4-3-800x800.png 800w\" sizes=\"(max-width: 1080px) 100vw, 1080px\" \/><\/figure>\n<\/div>\n\n\n\n<div class=\"is-layout-flow wp-block-column is-vertically-aligned-center\">\n<div class=\"is-layout-flow wp-block-group header-standard__content\"><h1 class=\"wp-block-post-title has-huge-font-size\">Contacte<\/h1>\n\n\n<p class=\"has-medium-font-size\">Tens dubtes sobre algun servei? Vols demanar hora per a vacunaci\u00f3, desparasitaci\u00f3n o una revisi\u00f3? Posa&#8217;t en contacte amb nosaltres trucant al <strong>93 639 48 52<\/strong> o enviant un correu a <strong>info@viladogcat.com.<\/strong> Estarem encantats d&#8217;assessorar-te i ajudar-te en tot el que necessitis. <\/p>\n<\/div>\n<\/div>\n<\/div>\n<\/div>\n\n<div class=\"is-layout-flex wp-container-9 wp-block-columns\">\n<div class=\"is-layout-flow wp-block-column\" style=\"padding-right:40px;padding-left:40px;flex-basis:60%\">\n<p class=\"has-medium-font-size\">Per a posar-te en contacte amb nosaltres completa el seg\u00fcent formulari i et respondrem aviat.<\/p>\n\n\n\n<div class=\"wpcf7 no-js\" id=\"wpcf7-f756-o1\" lang=\"es-ES\" dir=\"ltr\">\n<div class=\"screen-reader-response\"><p role=\"status\" aria-live=\"polite\" aria-atomic=\"true\"><\/p> <ul><\/ul><\/div>\n<form action=\"\/ca\/wp-json\/wp\/v2\/pages\/1952#wpcf7-f756-o1\" method=\"post\" class=\"wpcf7-form init\" aria-label=\"Formulario de contacto\" novalidate=\"novalidate\" data-status=\"init\">\n<div style=\"display: none;\">\n<input type=\"hidden\" name=\"_wpcf7\" value=\"756\" \/>\n<input type=\"hidden\" name=\"_wpcf7_version\" value=\"5.7.4\" \/>\n<input type=\"hidden\" name=\"_wpcf7_locale\" value=\"es_ES\" \/>\n<input type=\"hidden\" name=\"_wpcf7_unit_tag\" value=\"wpcf7-f756-o1\" \/>\n<input type=\"hidden\" name=\"_wpcf7_container_post\" value=\"0\" \/>\n<input type=\"hidden\" name=\"_wpcf7_posted_data_hash\" value=\"\" \/>\n<\/div>\n<div class=\"row\">\n<div class=\"small-12 medium-6 columns\">\n        <label> Nombre <span class=\"wpcf7-form-control-wrap\" data-name=\"first-name\"><input size=\"40\" class=\"wpcf7-form-control wpcf7-text wpcf7-validates-as-required\" aria-required=\"true\" aria-invalid=\"false\" value=\"\" type=\"text\" name=\"first-name\" \/><\/span> <\/label>\n    <\/div>\n<div class=\"small-12 medium-6 columns\">\n        <label> Apellidos <span class=\"wpcf7-form-control-wrap\" data-name=\"last-name\"><input size=\"40\" class=\"wpcf7-form-control wpcf7-text wpcf7-validates-as-required\" aria-required=\"true\" aria-invalid=\"false\" value=\"\" type=\"text\" name=\"last-name\" \/><\/span> <\/label>\n    <\/div>\n<div class=\"small-12 medium-6 columns\">\n        <label> Tel\u00e9fono <span class=\"wpcf7-form-control-wrap\" data-name=\"phone\"><input size=\"40\" class=\"wpcf7-form-control wpcf7-text\" aria-invalid=\"false\" value=\"\" type=\"text\" name=\"phone\" \/><\/span> <\/label>\n    <\/div>\n    <div class=\"small-12 medium-6 columns\">\n        <label> E-mail <span class=\"wpcf7-form-control-wrap\" data-name=\"your-email\"><input size=\"40\" class=\"wpcf7-form-control wpcf7-text wpcf7-email wpcf7-validates-as-required wpcf7-validates-as-email\" aria-required=\"true\" aria-invalid=\"false\" value=\"\" type=\"email\" name=\"your-email\" \/><\/span> <\/label>\n    <\/div>\n    <div class=\"small-12 medium-12 columns\">\n        <label> Comentarios <span class=\"wpcf7-form-control-wrap\" data-name=\"your-message\"><textarea cols=\"40\" rows=\"11\" class=\"wpcf7-form-control wpcf7-textarea\" aria-invalid=\"false\" name=\"your-message\"><\/textarea><\/span><\/label>\n    <\/div>\n <div class=\"small-12 medium-12 columns\">\n        <span class=\"wpcf7-form-control-wrap\" data-name=\"acceptance-394\"><span class=\"wpcf7-form-control wpcf7-acceptance\"><span class=\"wpcf7-list-item\"><label><input type=\"checkbox\" name=\"acceptance-394\" value=\"1\" aria-invalid=\"false\" \/><span class=\"wpcf7-list-item-label\">Acepto el Aviso Legal y la Pol\u00edtica de Privacidad.<\/span><\/label><\/span><\/span><\/span>\n   <\/div>\n        <div class=\"small-12 medium-12 columns\">\n            <input class=\"wpcf7-form-control has-spinner wpcf7-submit button expanded large secondary\" type=\"submit\" value=\"Enviar\" \/>\n<\/div>\n<\/div><div class=\"wpcf7-response-output\" aria-hidden=\"true\"><\/div>\n<\/form>\n<\/div>\n\n<\/div>\n\n\n\n<div class=\"is-layout-flow wp-block-column\" style=\"padding-right:20px;padding-left:20px;flex-basis:40%\">\n<div id=\"button-block_1e39db95326f369aa5f2d9f989efccae\" class=\"button-group align-vertical align-left\">\n   \n\n\n<a href=\"https:\/\/www.viladogcat.com\/solicitar-cita\/\" target=\"_self\" id=\"button-block_c739765dd398b2ceabe128519502a3fa\" class=\"button black default clear add-icon-on-right\">\nSol\u00b7licitar cita pr\u00e8via<svg class=\"icon\" viewBox=\"0 0 60 60\"><use xlink:href=\"#arrow-right\"><\/use><\/svg>\n\n<\/a>\n\n\n\n<a href=\"https:\/\/www.viladogcat.com\/trabaja-con-nosotros\/\" target=\"_self\" id=\"button-block_29f2207306437bcc7d387fba7abac27e\" class=\"button black default clear add-icon-on-right\">\nTreballa amb nosaltres<svg class=\"icon\" viewBox=\"0 0 60 60\"><use xlink:href=\"#arrow-right\"><\/use><\/svg>\n\n<\/a>\n<\/div>\n\n\n\n\n<div class=\"is-vertical is-nowrap is-layout-flex wp-container-7 wp-block-group\" style=\"padding-top:20px;padding-bottom:20px\">\n<h4>Contacta&#8217;ns<\/h4>\n\n\n\n<p>+34 936 39 48 52<br\/><a href=\"mailto:info@viladogcat.com\">info@viladogcat.com<\/a><\/p>\n\n\n\n<h4>Horaris<\/h4>\n\n\n\n<p>Dilluns a Divendres : 9.30 a 14h i 17 a 20:30h<br\/>Dissabtes: 10 a 14h<br\/>Diumenges i festius: tancats<\/p>\n\n\n\n<h4>On estem<\/h4>\n\n\n\n<p>Viladomat 16<br\/>08015 &#8211; Sant Antoni &#8211; Barcelona<\/p>\n\n\n\n\n<a href=\"https:\/\/g.page\/Viladogcatbcn?share\" target=\"_self\" id=\"button-block_7ae03d881b9edc381880a27322b81652\" class=\"button secondary default clear add-icon-on-left\">\nCom arribar<svg class=\"icon\" viewBox=\"0 0 60 60\"><use xlink:href=\"#location\"><\/use><\/svg>\n\n<\/a><\/div>\n<\/div>\n<\/div>\n","protected":false},"excerpt":{"rendered":"<p>Tens dubtes sobre algun servei? Vols demanar hora per a vacunaci\u00f3, desparasitaci\u00f3n o una revisi\u00f3? Posa&#8217;t en contacte amb nosaltres trucant al 93 639 48 52 o enviant un correu a info@viladogcat.com. Estarem encantats d&#8217;assessorar-te i ajudar-te en tot el que necessitis. Per a posar-te en contacte amb nosaltres completa el seg\u00fcent formulari i et<a class=\"excerpt-read-more\" href=\"https:\/\/www.viladogcat.com\/ca\/contacte\/\" title=\"LlegeixContacte\"> &#8230; Llegeix m\u00e9s<\/a><\/p>\n","protected":false},"author":1,"featured_media":0,"parent":0,"menu_order":0,"comment_status":"closed","ping_status":"closed","template":"","meta":[],"acf":[],"yoast_head":"<!-- This site is optimized with the Yoast SEO plugin v21.0 - https:\/\/yoast.com\/wordpress\/plugins\/seo\/ -->\n<title>Contacte - Viladogcat<\/title>\n<meta name=\"description\" content=\"Posa&#039;t en contacte amb Viladogcat trucant al 93 639 48 52 o enviant un correu a info@viladogcat.com. Assessorament i resoluci\u00f3 de dubtes.\" \/>\n<meta name=\"robots\" content=\"index, follow, max-snippet:-1, max-image-preview:large, max-video-preview:-1\" \/>\n<link rel=\"canonical\" href=\"https:\/\/www.viladogcat.com\/ca\/contacte\/\" \/>\n<meta property=\"og:locale\" content=\"ca_ES\" \/>\n<meta property=\"og:type\" content=\"article\" \/>\n<meta property=\"og:title\" content=\"Contacte - Viladogcat\" \/>\n<meta property=\"og:description\" content=\"Posa&#039;t en contacte amb Viladogcat trucant al 93 639 48 52 o enviant un correu a info@viladogcat.com. Assessorament i resoluci\u00f3 de dubtes.\" \/>\n<meta property=\"og:url\" content=\"https:\/\/www.viladogcat.com\/ca\/contacte\/\" \/>\n<meta property=\"og:site_name\" content=\"Viladogcat\" \/>\n<meta property=\"article:modified_time\" content=\"2023-08-28T18:52:47+00:00\" \/>\n<meta property=\"og:image\" content=\"https:\/\/dev.vueloiv.com\/viladogcat\/web\/wp-content\/uploads\/2023\/05\/Disseny-sense-titol-4-3.png\" \/>\n<meta name=\"twitter:card\" content=\"summary_large_image\" \/>\n<script type=\"application\/ld+json\" class=\"yoast-schema-graph\">{\"@context\":\"https:\/\/schema.org\",\"@graph\":[{\"@type\":\"WebPage\",\"@id\":\"https:\/\/www.viladogcat.com\/ca\/contacte\/\",\"url\":\"https:\/\/www.viladogcat.com\/ca\/contacte\/\",\"name\":\"Contacte - Viladogcat\",\"isPartOf\":{\"@id\":\"https:\/\/www.viladogcat.com\/ca\/#website\"},\"datePublished\":\"2023-08-28T18:52:45+00:00\",\"dateModified\":\"2023-08-28T18:52:47+00:00\",\"description\":\"Posa't en contacte amb Viladogcat trucant al 93 639 48 52 o enviant un correu a info@viladogcat.com. Assessorament i resoluci\u00f3 de dubtes.\",\"breadcrumb\":{\"@id\":\"https:\/\/www.viladogcat.com\/ca\/contacte\/#breadcrumb\"},\"inLanguage\":\"ca\",\"potentialAction\":[{\"@type\":\"ReadAction\",\"target\":[\"https:\/\/www.viladogcat.com\/ca\/contacte\/\"]}]},{\"@type\":\"BreadcrumbList\",\"@id\":\"https:\/\/www.viladogcat.com\/ca\/contacte\/#breadcrumb\",\"itemListElement\":[{\"@type\":\"ListItem\",\"position\":1,\"name\":\"Home\",\"item\":\"https:\/\/www.viladogcat.com\/ca\/\"},{\"@type\":\"ListItem\",\"position\":2,\"name\":\"Contacte\"}]},{\"@type\":\"WebSite\",\"@id\":\"https:\/\/www.viladogcat.com\/ca\/#website\",\"url\":\"https:\/\/www.viladogcat.com\/ca\/\",\"name\":\"Viladogcat\",\"description\":\"Just another WordPress site\",\"potentialAction\":[{\"@type\":\"SearchAction\",\"target\":{\"@type\":\"EntryPoint\",\"urlTemplate\":\"https:\/\/www.viladogcat.com\/ca\/?s={search_term_string}\"},\"query-input\":\"required name=search_term_string\"}],\"inLanguage\":\"ca\"}]}<\/script>\n<!-- \/ Yoast SEO plugin. -->","yoast_head_json":{"title":"Contacte - Viladogcat","description":"Posa't en contacte amb Viladogcat trucant al 93 639 48 52 o enviant un correu a info@viladogcat.com. Assessorament i resoluci\u00f3 de dubtes.","robots":{"index":"index","follow":"follow","max-snippet":"max-snippet:-1","max-image-preview":"max-image-preview:large","max-video-preview":"max-video-preview:-1"},"canonical":"https:\/\/www.viladogcat.com\/ca\/contacte\/","og_locale":"ca_ES","og_type":"article","og_title":"Contacte - Viladogcat","og_description":"Posa't en contacte amb Viladogcat trucant al 93 639 48 52 o enviant un correu a info@viladogcat.com. Assessorament i resoluci\u00f3 de dubtes.","og_url":"https:\/\/www.viladogcat.com\/ca\/contacte\/","og_site_name":"Viladogcat","article_modified_time":"2023-08-28T18:52:47+00:00","og_image":[{"url":"https:\/\/dev.vueloiv.com\/viladogcat\/web\/wp-content\/uploads\/2023\/05\/Disseny-sense-titol-4-3.png"}],"twitter_card":"summary_large_image","schema":{"@context":"https:\/\/schema.org","@graph":[{"@type":"WebPage","@id":"https:\/\/www.viladogcat.com\/ca\/contacte\/","url":"https:\/\/www.viladogcat.com\/ca\/contacte\/","name":"Contacte - Viladogcat","isPartOf":{"@id":"https:\/\/www.viladogcat.com\/ca\/#website"},"datePublished":"2023-08-28T18:52:45+00:00","dateModified":"2023-08-28T18:52:47+00:00","description":"Posa't en contacte amb Viladogcat trucant al 93 639 48 52 o enviant un correu a info@viladogcat.com. Assessorament i resoluci\u00f3 de dubtes.","breadcrumb":{"@id":"https:\/\/www.viladogcat.com\/ca\/contacte\/#breadcrumb"},"inLanguage":"ca","potentialAction":[{"@type":"ReadAction","target":["https:\/\/www.viladogcat.com\/ca\/contacte\/"]}]},{"@type":"BreadcrumbList","@id":"https:\/\/www.viladogcat.com\/ca\/contacte\/#breadcrumb","itemListElement":[{"@type":"ListItem","position":1,"name":"Home","item":"https:\/\/www.viladogcat.com\/ca\/"},{"@type":"ListItem","position":2,"name":"Contacte"}]},{"@type":"WebSite","@id":"https:\/\/www.viladogcat.com\/ca\/#website","url":"https:\/\/www.viladogcat.com\/ca\/","name":"Viladogcat","description":"Just another WordPress site","potentialAction":[{"@type":"SearchAction","target":{"@type":"EntryPoint","urlTemplate":"https:\/\/www.viladogcat.com\/ca\/?s={search_term_string}"},"query-input":"required name=search_term_string"}],"inLanguage":"ca"}]}},"_links":{"self":[{"href":"https:\/\/www.viladogcat.com\/ca\/wp-json\/wp\/v2\/pages\/1952"}],"collection":[{"href":"https:\/\/www.viladogcat.com\/ca\/wp-json\/wp\/v2\/pages"}],"about":[{"href":"https:\/\/www.viladogcat.com\/ca\/wp-json\/wp\/v2\/types\/page"}],"author":[{"embeddable":true,"href":"https:\/\/www.viladogcat.com\/ca\/wp-json\/wp\/v2\/users\/1"}],"replies":[{"embeddable":true,"href":"https:\/\/www.viladogcat.com\/ca\/wp-json\/wp\/v2\/comments?post=1952"}],"version-history":[{"count":3,"href":"https:\/\/www.viladogcat.com\/ca\/wp-json\/wp\/v2\/pages\/1952\/revisions"}],"predecessor-version":[{"id":1955,"href":"https:\/\/www.viladogcat.com\/ca\/wp-json\/wp\/v2\/pages\/1952\/revisions\/1955"}],"wp:attachment":[{"href":"https:\/\/www.viladogcat.com\/ca\/wp-json\/wp\/v2\/media?parent=1952"}],"curies":[{"name":"wp","href":"https:\/\/api.w.org\/{rel}","templated":true}]}}