{"id":1963,"date":"2023-08-28T19:56:41","date_gmt":"2023-08-28T19:56:41","guid":{"rendered":"https:\/\/dev.vueloiv.com\/viladogcat\/web\/la-clinica\/"},"modified":"2023-08-28T21:28:00","modified_gmt":"2023-08-28T21:28:00","slug":"la-clinica","status":"publish","type":"page","link":"https:\/\/www.viladogcat.com\/ca\/la-clinica\/","title":{"rendered":"La cl\u00ednica"},"content":{"rendered":"\n<div class=\"is-layout-flow wp-block-group alignfull page-header header-standard\">\n<div class=\"is-layout-flex wp-container-5 wp-block-columns are-vertically-aligned-center\">\n<div class=\"is-layout-flow wp-block-column is-vertically-aligned-center\" style=\"flex-basis:400px\">\n<figure class=\"wp-block-image size-full is-style-rounded header-standard__image\"><img decoding=\"async\" loading=\"lazy\" width=\"640\" height=\"640\" src=\"https:\/\/www.viladogcat.com\/wp-content\/uploads\/2023\/05\/346106137_5419549298148647_8909080927818470691_n.jpg\" alt=\"\" class=\"wp-image-1548\" srcset=\"https:\/\/www.viladogcat.com\/wp-content\/uploads\/2023\/05\/346106137_5419549298148647_8909080927818470691_n.jpg 640w, https:\/\/www.viladogcat.com\/wp-content\/uploads\/2023\/05\/346106137_5419549298148647_8909080927818470691_n-300x300.jpg 300w, https:\/\/www.viladogcat.com\/wp-content\/uploads\/2023\/05\/346106137_5419549298148647_8909080927818470691_n-150x150.jpg 150w\" sizes=\"(max-width: 640px) 100vw, 640px\" \/><\/figure>\n<\/div>\n\n\n\n<div class=\"is-layout-flow wp-block-column is-vertically-aligned-center\">\n<div class=\"is-layout-flow wp-block-group header-standard__content\"><h1 class=\"wp-block-post-title has-huge-font-size\">La cl\u00ednica<\/h1>\n\n\n<p class=\"has-medium-font-size\"><strong>Viladogcat \u00e9s una cl\u00ednica veterin\u00e0ria situada al Carrer Viladomat, 16 del barri de Sant Antoni de Barcelona. Obri els seves portes el 12 de mar\u00e7 de 2016.<\/strong> <\/p>\n<\/div>\n\n\n\n<p><\/p>\n\n\n\n<div class=\"is-layout-flow wp-block-group header-standard__content\">\n<p class=\"has-medium-font-size\"><strong>Paula Blanco Iglesias \u00e9s fundadora i veterin\u00e0ria de Viladogcat. Lidera aquest projecte amb il\u00b7lusi\u00f3 i un gran <strong>equip de profesionales<\/strong> veterinarios i veterin\u00e0ries que ofereixen tracte molt proper per a tots els peluts.<\/strong> <\/p>\n\n\n\n<p><\/p>\n<\/div>\n<\/div>\n<\/div>\n<\/div>\n\n<div class=\"is-layout-flex wp-container-14 wp-block-columns block-section\">\n<div class=\"is-layout-flow wp-block-column\">\n<h4 class=\"has-xx-large-fluid-font-size\">7 anys al teu costat<\/h4>\n\n\n\n<p><\/p>\n\n\n\n<p><\/p>\n\n\n\n<p><\/p>\n\n\n\n<p><\/p>\n\n\n\n<p class=\"has-medium-font-size\">Experi\u00e8ncia, professionalitat i alt nivell de coneixement en el tractament i cura dels animals.<\/p>\n<\/div>\n\n\n\n<div class=\"is-layout-flow wp-block-column\">\n<div class=\"is-layout-flow wp-container-8 wp-block-group\" style=\"padding-top:10px;padding-right:10px;padding-bottom:10px;padding-left:10px\">\n<h3 class=\"has-secondary-darkest-color has-text-color has-medium-font-size\"><strong>Equip de professionals<\/strong><\/h3>\n\n\n\n<p>Som un equip de veterinaris i veterin\u00e0ries amb alta experi\u00e8ncia, coneixement i en formaci\u00f3 i especialitzaci\u00f3 continuada.<\/p>\n<\/div>\n\n\n\n<div class=\"is-layout-flow wp-container-9 wp-block-group\" style=\"padding-top:10px;padding-right:10px;padding-bottom:10px;padding-left:10px\">\n<h3 class=\"has-secondary-darkest-color has-text-color has-medium-font-size\"><strong>Especialitzaci\u00f3<\/strong><\/h3>\n\n\n\n<p>Disposem d&#8217;una atenci\u00f3 m\u00e8dica integral a les mascotes, tant a nivell de medicina interna i preventiva, com en altres especialitzacions com a oftalmologia, ecografia i ecocardiograf\u00eda.<\/p>\n<\/div>\n<\/div>\n\n\n\n<div class=\"is-layout-flow wp-block-column\">\n<div class=\"is-layout-flow wp-container-11 wp-block-group\" style=\"padding-top:10px;padding-right:10px;padding-bottom:10px;padding-left:10px\">\n<h3 class=\"has-secondary-darkest-color has-text-color has-medium-font-size\"><strong>Atenci\u00f3 personalizada<\/strong><\/h3>\n\n\n\n<p>Brindem una atenci\u00f3 individualitzada i acurada per a cada mascota i propietari que ens visita en la cl\u00ednica. <\/p>\n<\/div>\n\n\n\n<div class=\"is-layout-flow wp-container-12 wp-block-group\" style=\"padding-top:10px;padding-right:10px;padding-bottom:10px;padding-left:10px\">\n<h3 class=\"has-secondary-darkest-color has-text-color has-medium-font-size\"><strong>Comunicaci\u00f3 constant<\/strong><\/h3>\n\n\n\n<p>Mantenim una comunicaci\u00f3 constant amb els propietaris i propietaries de les mascotes. Explicaci\u00f3 dels diagn\u00f2stics i tractaments en un llenguatge clar i senzill, aix\u00ed com els mantenim informats sobre el progr\u00e9s i la recuperaci\u00f3 de les seves mascotes.<\/p>\n<\/div>\n<\/div>\n<\/div>\n\n<div class=\"is-layout-flow wp-block-group alignfull block-section\">\n<div class=\"wp-block-media-text alignwide has-media-on-the-right is-stacked-on-mobile is-vertically-aligned-center has-secondary-lightest-background-color has-background\"><div class=\"wp-block-media-text__content\">\n<h2 class=\"has-large-font-size\" id=\"fusce-porttitor-a-mi-at-suscipit-facilisis-dolo\">Excel\u00b7lents instal\u00b7lacions<\/h2>\n\n\n\n<p class=\"has-medium-font-size\">En Viladogcat disposem d&#8217;una <strong>recepci\u00f3 i sala d&#8217;espera c\u00f2moda<\/strong> i agradable perqu\u00e8 les mascotes i els seus amos se sentin com a casa. Un lloc petit per\u00f2 acollidor amb suficient espai per a asseure&#8217;s i moure&#8217;s c\u00f2modament.<\/p>\n\n\n\n<p class=\"has-medium-font-size\">Tamb\u00e9 comptem amb diferents <strong>consultoris m\u00e8dics<\/strong> on els nostres professionals veterinaris i veterin\u00e0ries examinen als animals i realitzen diferents tractaments m\u00e8dics. Espais privats i equipats amb tecnologia moderna i avan\u00e7ada per a oferir un servei d&#8217;alta qualitat. <\/p>\n<\/div><figure class=\"wp-block-media-text__media\"><img decoding=\"async\" loading=\"lazy\" width=\"900\" height=\"900\" src=\"https:\/\/www.viladogcat.com\/wp-content\/uploads\/2023\/07\/279556423_373642321372425_8861147372025530170_n.jpg\" alt=\"\" class=\"wp-image-1694 size-full\" srcset=\"https:\/\/www.viladogcat.com\/wp-content\/uploads\/2023\/07\/279556423_373642321372425_8861147372025530170_n.jpg 900w, https:\/\/www.viladogcat.com\/wp-content\/uploads\/2023\/07\/279556423_373642321372425_8861147372025530170_n-300x300.jpg 300w, https:\/\/www.viladogcat.com\/wp-content\/uploads\/2023\/07\/279556423_373642321372425_8861147372025530170_n-150x150.jpg 150w, https:\/\/www.viladogcat.com\/wp-content\/uploads\/2023\/07\/279556423_373642321372425_8861147372025530170_n-800x800.jpg 800w\" sizes=\"(max-width: 900px) 100vw, 900px\" \/><\/figure><\/div>\n\n\n\n<div class=\"wp-block-media-text alignwide is-stacked-on-mobile is-vertically-aligned-center has-secondary-lightest-background-color has-background\"><figure class=\"wp-block-media-text__media\"><img decoding=\"async\" loading=\"lazy\" width=\"940\" height=\"788\" src=\"https:\/\/www.viladogcat.com\/wp-content\/uploads\/2023\/05\/Disseny-sense-titol-3-1.png\" alt=\"\" class=\"wp-image-1034 size-full\" srcset=\"https:\/\/www.viladogcat.com\/wp-content\/uploads\/2023\/05\/Disseny-sense-titol-3-1.png 940w, https:\/\/www.viladogcat.com\/wp-content\/uploads\/2023\/05\/Disseny-sense-titol-3-1-358x300.png 358w, https:\/\/www.viladogcat.com\/wp-content\/uploads\/2023\/05\/Disseny-sense-titol-3-1-800x671.png 800w\" sizes=\"(max-width: 940px) 100vw, 940px\" \/><\/figure><div class=\"wp-block-media-text__content\">\n<h2 class=\"has-large-font-size\" id=\"fusce-porttitor-a-mi-at-suscipit-facilisis-dolo\">Equips d&#8217;\u00faltima generaci\u00f3<\/h2>\n\n\n\n<p class=\"has-medium-font-size\">A Viladogcat apostem per equips d&#8217;\u00faltima generaci\u00f3 per a realitzar diferents intervencions, proves i tractaments. Equips per a millorar la <strong>precisi\u00f3 i rapidesa<\/strong> en el diagn\u00f2stic, augmentar la qualitat d&#8217;atenci\u00f3 m\u00e8dica i reduir l&#8217;estr\u00e8s i dolor dels animals. <\/p>\n\n\n\n<p class=\"has-medium-font-size\">Disposem d&#8217;equips de <strong>diagn\u00f2stic per imatge<\/strong> per a realitzaci\u00f3 de radiografia digital, l&#8217;ecografia, la tomografia i la resson\u00e0ncia magn\u00e8tica. <strong>Laboratori<\/strong> per a hemogrames, bioqu\u00edmica sangu\u00ednia, urian\u00e1lisis, cultius DTM citologies, coprol\u00f3gicos i raspats cutanis. Tamb\u00e9 un <strong>quir\u00f2fan<\/strong> equipat amb generador d&#8217;oxigen, m\u00e0quina de gasos, monitoratge anest\u00e8sic (O2, CO\u2082, PA, ECG).<\/p>\n\n\n\n<p><\/p>\n\n\n\n<p><\/p>\n\n\n\n<p><\/p>\n\n\n\n<p class=\"has-medium-font-size\"><\/p>\n<\/div><\/div>\n<\/div>\n\n<div class=\"is-layout-flex wp-container-18 wp-block-columns\">\n<div class=\"is-layout-flow wp-block-column\" style=\"flex-basis:100%\">\n<div class=\"is-layout-flow wp-block-group\">\n\n<a href=\"https:\/\/www.viladogcat.com\/servicios-veterinarios\/\" target=\"_self\" id=\"button-block_f44baa16edae728f634b0793e14a77a8\" class=\"button right black huge clear add-icon-on-right\">\nDescobreix els nostres serveis<svg class=\"icon\" viewBox=\"0 0 60 60\"><use xlink:href=\"#arrow-right\"><\/use><\/svg>\n\n<\/a><\/div>\n<\/div>\n<\/div>\n","protected":false},"excerpt":{"rendered":"<p>Viladogcat \u00e9s una cl\u00ednica veterin\u00e0ria situada al Carrer Viladomat, 16 del barri de Sant Antoni de Barcelona. Obri els seves portes el 12 de mar\u00e7 de 2016. Paula Blanco Iglesias \u00e9s fundadora i veterin\u00e0ria de Viladogcat. Lidera aquest projecte amb il\u00b7lusi\u00f3 i un gran equip de profesionales veterinarios i veterin\u00e0ries que ofereixen tracte molt proper<a class=\"excerpt-read-more\" href=\"https:\/\/www.viladogcat.com\/ca\/la-clinica\/\" title=\"LlegeixLa cl\u00ednica\"> &#8230; Llegeix m\u00e9s<\/a><\/p>\n","protected":false},"author":1,"featured_media":0,"parent":0,"menu_order":0,"comment_status":"closed","ping_status":"closed","template":"","meta":[],"acf":[],"yoast_head":"<!-- This site is optimized with the Yoast SEO plugin v21.0 - https:\/\/yoast.com\/wordpress\/plugins\/seo\/ -->\n<title>La cl\u00ednica - Viladogcat<\/title>\n<meta name=\"description\" content=\"Viladogcat \u00e9s una cl\u00ednica veterin\u00e0ria situada al Carrer Viladomat, 16 de Sant Antoni, Barcelona. Obre les seves portes el 12 de mar\u00e7 de 2016.\" \/>\n<meta name=\"robots\" content=\"index, follow, max-snippet:-1, max-image-preview:large, max-video-preview:-1\" \/>\n<link rel=\"canonical\" href=\"https:\/\/www.viladogcat.com\/ca\/la-clinica\/\" \/>\n<meta property=\"og:locale\" content=\"ca_ES\" \/>\n<meta property=\"og:type\" content=\"article\" \/>\n<meta property=\"og:title\" content=\"La cl\u00ednica - Viladogcat\" \/>\n<meta property=\"og:description\" content=\"Viladogcat \u00e9s una cl\u00ednica veterin\u00e0ria situada al Carrer Viladomat, 16 de Sant Antoni, Barcelona. Obre les seves portes el 12 de mar\u00e7 de 2016.\" \/>\n<meta property=\"og:url\" content=\"https:\/\/www.viladogcat.com\/ca\/la-clinica\/\" \/>\n<meta property=\"og:site_name\" content=\"Viladogcat\" \/>\n<meta property=\"article:modified_time\" content=\"2023-08-28T21:28:00+00:00\" \/>\n<meta property=\"og:image\" content=\"https:\/\/dev.vueloiv.com\/viladogcat\/web\/wp-content\/uploads\/2023\/05\/346106137_5419549298148647_8909080927818470691_n.jpg\" \/>\n<meta name=\"twitter:card\" content=\"summary_large_image\" \/>\n<meta name=\"twitter:label1\" content=\"Temps estimat de lectura\" \/>\n\t<meta name=\"twitter:data1\" content=\"2 minuts\" \/>\n<script type=\"application\/ld+json\" class=\"yoast-schema-graph\">{\"@context\":\"https:\/\/schema.org\",\"@graph\":[{\"@type\":\"WebPage\",\"@id\":\"https:\/\/www.viladogcat.com\/ca\/la-clinica\/\",\"url\":\"https:\/\/www.viladogcat.com\/ca\/la-clinica\/\",\"name\":\"La cl\u00ednica - Viladogcat\",\"isPartOf\":{\"@id\":\"https:\/\/www.viladogcat.com\/ca\/#website\"},\"datePublished\":\"2023-08-28T19:56:41+00:00\",\"dateModified\":\"2023-08-28T21:28:00+00:00\",\"description\":\"Viladogcat \u00e9s una cl\u00ednica veterin\u00e0ria situada al Carrer Viladomat, 16 de Sant Antoni, Barcelona. Obre les seves portes el 12 de mar\u00e7 de 2016.\",\"breadcrumb\":{\"@id\":\"https:\/\/www.viladogcat.com\/ca\/la-clinica\/#breadcrumb\"},\"inLanguage\":\"ca\",\"potentialAction\":[{\"@type\":\"ReadAction\",\"target\":[\"https:\/\/www.viladogcat.com\/ca\/la-clinica\/\"]}]},{\"@type\":\"BreadcrumbList\",\"@id\":\"https:\/\/www.viladogcat.com\/ca\/la-clinica\/#breadcrumb\",\"itemListElement\":[{\"@type\":\"ListItem\",\"position\":1,\"name\":\"Home\",\"item\":\"https:\/\/www.viladogcat.com\/ca\/\"},{\"@type\":\"ListItem\",\"position\":2,\"name\":\"La cl\u00ednica\"}]},{\"@type\":\"WebSite\",\"@id\":\"https:\/\/www.viladogcat.com\/ca\/#website\",\"url\":\"https:\/\/www.viladogcat.com\/ca\/\",\"name\":\"Viladogcat\",\"description\":\"Just another WordPress site\",\"potentialAction\":[{\"@type\":\"SearchAction\",\"target\":{\"@type\":\"EntryPoint\",\"urlTemplate\":\"https:\/\/www.viladogcat.com\/ca\/?s={search_term_string}\"},\"query-input\":\"required name=search_term_string\"}],\"inLanguage\":\"ca\"}]}<\/script>\n<!-- \/ Yoast SEO plugin. -->","yoast_head_json":{"title":"La cl\u00ednica - Viladogcat","description":"Viladogcat \u00e9s una cl\u00ednica veterin\u00e0ria situada al Carrer Viladomat, 16 de Sant Antoni, Barcelona. Obre les seves portes el 12 de mar\u00e7 de 2016.","robots":{"index":"index","follow":"follow","max-snippet":"max-snippet:-1","max-image-preview":"max-image-preview:large","max-video-preview":"max-video-preview:-1"},"canonical":"https:\/\/www.viladogcat.com\/ca\/la-clinica\/","og_locale":"ca_ES","og_type":"article","og_title":"La cl\u00ednica - Viladogcat","og_description":"Viladogcat \u00e9s una cl\u00ednica veterin\u00e0ria situada al Carrer Viladomat, 16 de Sant Antoni, Barcelona. Obre les seves portes el 12 de mar\u00e7 de 2016.","og_url":"https:\/\/www.viladogcat.com\/ca\/la-clinica\/","og_site_name":"Viladogcat","article_modified_time":"2023-08-28T21:28:00+00:00","og_image":[{"url":"https:\/\/dev.vueloiv.com\/viladogcat\/web\/wp-content\/uploads\/2023\/05\/346106137_5419549298148647_8909080927818470691_n.jpg"}],"twitter_card":"summary_large_image","twitter_misc":{"Temps estimat de lectura":"2 minuts"},"schema":{"@context":"https:\/\/schema.org","@graph":[{"@type":"WebPage","@id":"https:\/\/www.viladogcat.com\/ca\/la-clinica\/","url":"https:\/\/www.viladogcat.com\/ca\/la-clinica\/","name":"La cl\u00ednica - Viladogcat","isPartOf":{"@id":"https:\/\/www.viladogcat.com\/ca\/#website"},"datePublished":"2023-08-28T19:56:41+00:00","dateModified":"2023-08-28T21:28:00+00:00","description":"Viladogcat \u00e9s una cl\u00ednica veterin\u00e0ria situada al Carrer Viladomat, 16 de Sant Antoni, Barcelona. Obre les seves portes el 12 de mar\u00e7 de 2016.","breadcrumb":{"@id":"https:\/\/www.viladogcat.com\/ca\/la-clinica\/#breadcrumb"},"inLanguage":"ca","potentialAction":[{"@type":"ReadAction","target":["https:\/\/www.viladogcat.com\/ca\/la-clinica\/"]}]},{"@type":"BreadcrumbList","@id":"https:\/\/www.viladogcat.com\/ca\/la-clinica\/#breadcrumb","itemListElement":[{"@type":"ListItem","position":1,"name":"Home","item":"https:\/\/www.viladogcat.com\/ca\/"},{"@type":"ListItem","position":2,"name":"La cl\u00ednica"}]},{"@type":"WebSite","@id":"https:\/\/www.viladogcat.com\/ca\/#website","url":"https:\/\/www.viladogcat.com\/ca\/","name":"Viladogcat","description":"Just another WordPress site","potentialAction":[{"@type":"SearchAction","target":{"@type":"EntryPoint","urlTemplate":"https:\/\/www.viladogcat.com\/ca\/?s={search_term_string}"},"query-input":"required name=search_term_string"}],"inLanguage":"ca"}]}},"_links":{"self":[{"href":"https:\/\/www.viladogcat.com\/ca\/wp-json\/wp\/v2\/pages\/1963"}],"collection":[{"href":"https:\/\/www.viladogcat.com\/ca\/wp-json\/wp\/v2\/pages"}],"about":[{"href":"https:\/\/www.viladogcat.com\/ca\/wp-json\/wp\/v2\/types\/page"}],"author":[{"embeddable":true,"href":"https:\/\/www.viladogcat.com\/ca\/wp-json\/wp\/v2\/users\/1"}],"replies":[{"embeddable":true,"href":"https:\/\/www.viladogcat.com\/ca\/wp-json\/wp\/v2\/comments?post=1963"}],"version-history":[{"count":5,"href":"https:\/\/www.viladogcat.com\/ca\/wp-json\/wp\/v2\/pages\/1963\/revisions"}],"predecessor-version":[{"id":2023,"href":"https:\/\/www.viladogcat.com\/ca\/wp-json\/wp\/v2\/pages\/1963\/revisions\/2023"}],"wp:attachment":[{"href":"https:\/\/www.viladogcat.com\/ca\/wp-json\/wp\/v2\/media?parent=1963"}],"curies":[{"name":"wp","href":"https:\/\/api.w.org\/{rel}","templated":true}]}}