{"id":204,"date":"2022-05-10T07:02:53","date_gmt":"2022-05-10T07:02:53","guid":{"rendered":"https:\/\/dev.vueloiv.com\/viladogcat\/web\/casos-clinicos\/"},"modified":"2023-08-28T18:41:03","modified_gmt":"2023-08-28T18:41:03","slug":"casos-clinicos","status":"publish","type":"page","link":"https:\/\/www.viladogcat.com\/ca\/casos-clinicos\/","title":{"rendered":"Casos cl\u00ednics"},"content":{"rendered":"\n<div class=\"is-layout-flow wp-block-group alignfull page-header header-standard\">\n<div class=\"is-layout-flex wp-container-4 wp-block-columns are-vertically-aligned-center\">\n<div class=\"is-layout-flow wp-block-column is-vertically-aligned-center\" style=\"flex-basis:400px\">\n<figure class=\"wp-block-image size-large is-resized is-style-rounded header-standard__image\"><img decoding=\"async\" loading=\"lazy\" src=\"https:\/\/www.viladogcat.com\/wp-content\/themes\/viladogcat\/patterns\/dummy-images\/dogs-clear-bg.jpg\" alt=\"\" class=\"wp-image-1450\" width=\"380\" height=\"380\"\/><\/figure>\n<\/div>\n\n\n\n<div class=\"is-layout-flow wp-block-column is-vertically-aligned-center\">\n<div class=\"is-layout-flow wp-block-group header-standard__content\"><h1 class=\"wp-block-post-title has-huge-font-size\">Casos cl\u00ednics<\/h1>\n\n\n<p class=\"has-medium-font-size\">El nostre <strong>equip de professionals veterinaris i veterinarias<\/strong> de Viladogcat realitza diferents ex\u00e0mens previs, proves diagn\u00f2stic, tractaments i seguiment regular de tots els casos cl\u00ednics de les mascotes.<\/p>\n<\/div>\n<\/div>\n<\/div>\n<\/div>\n\n<div class=\"is-layout-flow wp-block-group alignfull block-section\">\n<div class=\"wp-block-media-text alignwide has-media-on-the-right is-stacked-on-mobile is-vertically-aligned-center has-secondary-lightest-background-color has-background\" style=\"grid-template-columns:auto 37%\"><div class=\"wp-block-media-text__content\">\n<h2 class=\"has-large-font-size\" id=\"fusce-porttitor-a-mi-at-suscipit-facilisis-dolo\">Francesc, 2 anys <\/h2>\n\n\n\n<p>Francesc \u00e9s un gos de 2 anys que ens va visitar en Viladogcat perqu\u00e8 s&#8217;havia empassat una agulla. Despr\u00e9s de realitzar-li proves de diagn\u00f2stic per imatge vam veure que l&#8217;agulla es trobava en el paladar. La vam poder treure amb unes pinces i una mica de sedaci\u00f3. <\/p>\n<\/div><figure class=\"wp-block-media-text__media\"><img decoding=\"async\" loading=\"lazy\" width=\"940\" height=\"788\" src=\"https:\/\/www.viladogcat.com\/wp-content\/uploads\/2023\/07\/Disseny-sense-titol-64.png\" alt=\"\" class=\"wp-image-1860 size-full\" srcset=\"https:\/\/www.viladogcat.com\/wp-content\/uploads\/2023\/07\/Disseny-sense-titol-64.png 940w, https:\/\/www.viladogcat.com\/wp-content\/uploads\/2023\/07\/Disseny-sense-titol-64-358x300.png 358w, https:\/\/www.viladogcat.com\/wp-content\/uploads\/2023\/07\/Disseny-sense-titol-64-800x671.png 800w\" sizes=\"(max-width: 940px) 100vw, 940px\" \/><\/figure><\/div>\n\n\n\n<div class=\"wp-block-media-text alignwide is-stacked-on-mobile is-vertically-aligned-center has-secondary-lightest-background-color has-background\" style=\"grid-template-columns:40% auto\"><figure class=\"wp-block-media-text__media\"><img decoding=\"async\" loading=\"lazy\" width=\"940\" height=\"788\" src=\"https:\/\/www.viladogcat.com\/wp-content\/uploads\/2023\/07\/Disseny-sense-titol-63.png\" alt=\"\" class=\"wp-image-1803 size-full\" srcset=\"https:\/\/www.viladogcat.com\/wp-content\/uploads\/2023\/07\/Disseny-sense-titol-63.png 940w, https:\/\/www.viladogcat.com\/wp-content\/uploads\/2023\/07\/Disseny-sense-titol-63-358x300.png 358w, https:\/\/www.viladogcat.com\/wp-content\/uploads\/2023\/07\/Disseny-sense-titol-63-800x671.png 800w\" sizes=\"(max-width: 940px) 100vw, 940px\" \/><\/figure><div class=\"wp-block-media-text__content\">\n<h2 class=\"has-large-font-size\" id=\"fusce-porttitor-a-mi-at-suscipit-facilisis-dolo\">Coco, 1 any i 4 mesos<\/h2>\n\n\n\n<p>Coco va acudir a Viladogcat perqu\u00e8 es queixava d&#8217;una \u00falcera corneal en l&#8217;ull dret. Vam consultar amb Vetervisi\u00f3n i ens va confirmar que es tractava d&#8217;una \u00falcera ocasionada per herpesvirus. <\/p>\n\n\n\n<p>El herpesvirus en gats es prev\u00e9 amb la vacunaci\u00f3 des de cadell, i \u00e9s com\u00fa en col\u00f2nies de gats. Despr\u00e9s de diversos mesos de tractament finalment l&#8217;ull va haver de ser intervingut i actualment est\u00e0 estable i la seva evoluci\u00f3 \u00e9s bona.<\/p>\n<\/div><\/div>\n\n\n\n<div class=\"wp-block-media-text alignwide has-media-on-the-right is-stacked-on-mobile is-vertically-aligned-center has-secondary-lightest-background-color has-background\" style=\"grid-template-columns:auto 45%\"><div class=\"wp-block-media-text__content\">\n<h2 class=\"has-large-font-size\" id=\"fusce-porttitor-a-mi-at-suscipit-facilisis-dolo\">Boby, 13 anys i mig<\/h2>\n\n\n\n<p>Boby \u00e9s un gos mascle 13 anys i mig. Va venir a Viladogcat al mar\u00e7 del 2022 per a fer-se una revisi\u00f3 general, i control de diverses masses que tenia pel cos, vam fer citologia de totes i van resultar ser <strong>lipomes<\/strong>. <\/p>\n\n\n\n<p>Tamb\u00e9 vam aprofitar per a fer una revisi\u00f3 m\u00e8dica general en el qual vam descobrir que tenia el fetge gras i una massa en la melsa. Vam realitzar citologia ecoguiada i era compatible amb un proc\u00e9s d&#8217;hiperpl\u00e0sia benigne. <\/p>\n\n\n\n<p>Al cap d&#8217;un any van tornar a fer controls, i alguns dels lipomes havien augmentat i voliem intervenir-los. Vam realitzar intervenci\u00f3 i posterior bi\u00f2psia, resultant un d&#8217;ells ser un tumor, que es pot estendre a la melsa. Vam plantejar l&#8217;extirpaci\u00f3 del mateix i bi\u00f2psia. Afortunadament, la cirurgia i la seva recuperaci\u00f3 van ser perfectes. I el resultat de la bi\u00f2psia resulto ser bo. <\/p>\n\n\n\n<p>Actualment, li hem donat l&#8217;alta.<\/p>\n<\/div><figure class=\"wp-block-media-text__media\"><img decoding=\"async\" loading=\"lazy\" width=\"940\" height=\"788\" src=\"https:\/\/www.viladogcat.com\/wp-content\/uploads\/2023\/08\/Disseny-sense-titol-71.png\" alt=\"\" class=\"wp-image-1907 size-full\" srcset=\"https:\/\/www.viladogcat.com\/wp-content\/uploads\/2023\/08\/Disseny-sense-titol-71.png 940w, https:\/\/www.viladogcat.com\/wp-content\/uploads\/2023\/08\/Disseny-sense-titol-71-358x300.png 358w, https:\/\/www.viladogcat.com\/wp-content\/uploads\/2023\/08\/Disseny-sense-titol-71-800x671.png 800w\" sizes=\"(max-width: 940px) 100vw, 940px\" \/><\/figure><\/div>\n\n\n\n<div class=\"wp-block-media-text alignwide is-stacked-on-mobile is-vertically-aligned-center has-secondary-lightest-background-color has-background\"><figure class=\"wp-block-media-text__media\"><img decoding=\"async\" loading=\"lazy\" width=\"940\" height=\"788\" src=\"https:\/\/www.viladogcat.com\/wp-content\/uploads\/2023\/08\/Disseny-sense-titol-78.png\" alt=\"\" class=\"wp-image-1923 size-full\" srcset=\"https:\/\/www.viladogcat.com\/wp-content\/uploads\/2023\/08\/Disseny-sense-titol-78.png 940w, https:\/\/www.viladogcat.com\/wp-content\/uploads\/2023\/08\/Disseny-sense-titol-78-358x300.png 358w, https:\/\/www.viladogcat.com\/wp-content\/uploads\/2023\/08\/Disseny-sense-titol-78-800x671.png 800w\" sizes=\"(max-width: 940px) 100vw, 940px\" \/><\/figure><div class=\"wp-block-media-text__content\">\n<h2 class=\"has-large-font-size\" id=\"fusce-porttitor-a-mi-at-suscipit-facilisis-dolo\">Kiwi, 9 anys<\/h2>\n\n\n\n<p>Kiwi \u00e9s gat mascle de 9 anys que va venir a Viladogcat afligit <strong>d&#8217;apatia i v\u00f2mits.<\/strong> Ho recepcionem i li fem proves, el gat t\u00e9 una insufici\u00e8ncia renal aguda, sospitem que \u00e9s per una obstrucci\u00f3 en ur\u00e8ter perqu\u00e8 s&#8217;observen c\u00e0lculs en rony\u00f3 i bufeta. <\/p>\n\n\n\n<p>El vam sotmetre a fluid, ter\u00e0pia intensiva i s&#8217;estabilitza. Per\u00f2 al cap d&#8217;uns dies recau sent intervingut per a <strong>l&#8217;extirpaci\u00f3 del c\u00e0lcul en bufeta.<\/strong> <\/p>\n\n\n\n<p>Actualment, es troba estable i amb controls peri\u00f2dics.<\/p>\n<\/div><\/div>\n<\/div>\n","protected":false},"excerpt":{"rendered":"<p>El nostre equip de professionals veterinaris i veterinarias de Viladogcat realitza diferents ex\u00e0mens previs, proves diagn\u00f2stic, tractaments i seguiment regular de tots els casos cl\u00ednics de les mascotes. Francesc, 2 anys Francesc \u00e9s un gos de 2 anys que ens va visitar en Viladogcat perqu\u00e8 s&#8217;havia empassat una agulla. Despr\u00e9s de realitzar-li proves de diagn\u00f2stic<a class=\"excerpt-read-more\" href=\"https:\/\/www.viladogcat.com\/ca\/casos-clinicos\/\" title=\"LlegeixCasos cl\u00ednics\"> &#8230; Llegeix m\u00e9s<\/a><\/p>\n","protected":false},"author":1,"featured_media":0,"parent":0,"menu_order":0,"comment_status":"closed","ping_status":"closed","template":"","meta":[],"acf":[],"yoast_head":"<!-- This site is optimized with the Yoast SEO plugin v21.0 - https:\/\/yoast.com\/wordpress\/plugins\/seo\/ -->\n<title>Casos cl\u00ednics - Viladogcat<\/title>\n<meta name=\"description\" content=\"El nostre equip de professionals realitza ex\u00e0mens previs, proves diagn\u00f2stic, tractaments i seguiment de tots els casos cl\u00ednics.\" \/>\n<meta name=\"robots\" content=\"index, follow, max-snippet:-1, max-image-preview:large, max-video-preview:-1\" \/>\n<link rel=\"canonical\" href=\"https:\/\/www.viladogcat.com\/ca\/casos-clinicos\/\" \/>\n<meta property=\"og:locale\" content=\"ca_ES\" \/>\n<meta property=\"og:type\" content=\"article\" \/>\n<meta property=\"og:title\" content=\"Casos cl\u00ednics - Viladogcat\" \/>\n<meta property=\"og:description\" content=\"El nostre equip de professionals realitza ex\u00e0mens previs, proves diagn\u00f2stic, tractaments i seguiment de tots els casos cl\u00ednics.\" \/>\n<meta property=\"og:url\" content=\"https:\/\/www.viladogcat.com\/ca\/casos-clinicos\/\" \/>\n<meta property=\"og:site_name\" content=\"Viladogcat\" \/>\n<meta property=\"article:modified_time\" content=\"2023-08-28T18:41:03+00:00\" \/>\n<meta property=\"og:image\" content=\"https:\/\/dev.vueloiv.com\/viladogcat\/web\/wp-content\/themes\/viladogcat\/patterns\/dummy-images\/dogs-clear-bg.jpg\" \/>\n<meta name=\"twitter:card\" content=\"summary_large_image\" \/>\n<script type=\"application\/ld+json\" class=\"yoast-schema-graph\">{\"@context\":\"https:\/\/schema.org\",\"@graph\":[{\"@type\":\"WebPage\",\"@id\":\"https:\/\/www.viladogcat.com\/ca\/casos-clinicos\/\",\"url\":\"https:\/\/www.viladogcat.com\/ca\/casos-clinicos\/\",\"name\":\"Casos cl\u00ednics - Viladogcat\",\"isPartOf\":{\"@id\":\"https:\/\/www.viladogcat.com\/ca\/#website\"},\"datePublished\":\"2022-05-10T07:02:53+00:00\",\"dateModified\":\"2023-08-28T18:41:03+00:00\",\"description\":\"El nostre equip de professionals realitza ex\u00e0mens previs, proves diagn\u00f2stic, tractaments i seguiment de tots els casos cl\u00ednics.\",\"breadcrumb\":{\"@id\":\"https:\/\/www.viladogcat.com\/ca\/casos-clinicos\/#breadcrumb\"},\"inLanguage\":\"ca\",\"potentialAction\":[{\"@type\":\"ReadAction\",\"target\":[\"https:\/\/www.viladogcat.com\/ca\/casos-clinicos\/\"]}]},{\"@type\":\"BreadcrumbList\",\"@id\":\"https:\/\/www.viladogcat.com\/ca\/casos-clinicos\/#breadcrumb\",\"itemListElement\":[{\"@type\":\"ListItem\",\"position\":1,\"name\":\"Home\",\"item\":\"https:\/\/www.viladogcat.com\/ca\/\"},{\"@type\":\"ListItem\",\"position\":2,\"name\":\"Casos cl\u00ednics\"}]},{\"@type\":\"WebSite\",\"@id\":\"https:\/\/www.viladogcat.com\/ca\/#website\",\"url\":\"https:\/\/www.viladogcat.com\/ca\/\",\"name\":\"Viladogcat\",\"description\":\"Just another WordPress site\",\"potentialAction\":[{\"@type\":\"SearchAction\",\"target\":{\"@type\":\"EntryPoint\",\"urlTemplate\":\"https:\/\/www.viladogcat.com\/ca\/?s={search_term_string}\"},\"query-input\":\"required name=search_term_string\"}],\"inLanguage\":\"ca\"}]}<\/script>\n<!-- \/ Yoast SEO plugin. -->","yoast_head_json":{"title":"Casos cl\u00ednics - Viladogcat","description":"El nostre equip de professionals realitza ex\u00e0mens previs, proves diagn\u00f2stic, tractaments i seguiment de tots els casos cl\u00ednics.","robots":{"index":"index","follow":"follow","max-snippet":"max-snippet:-1","max-image-preview":"max-image-preview:large","max-video-preview":"max-video-preview:-1"},"canonical":"https:\/\/www.viladogcat.com\/ca\/casos-clinicos\/","og_locale":"ca_ES","og_type":"article","og_title":"Casos cl\u00ednics - Viladogcat","og_description":"El nostre equip de professionals realitza ex\u00e0mens previs, proves diagn\u00f2stic, tractaments i seguiment de tots els casos cl\u00ednics.","og_url":"https:\/\/www.viladogcat.com\/ca\/casos-clinicos\/","og_site_name":"Viladogcat","article_modified_time":"2023-08-28T18:41:03+00:00","og_image":[{"url":"https:\/\/dev.vueloiv.com\/viladogcat\/web\/wp-content\/themes\/viladogcat\/patterns\/dummy-images\/dogs-clear-bg.jpg"}],"twitter_card":"summary_large_image","schema":{"@context":"https:\/\/schema.org","@graph":[{"@type":"WebPage","@id":"https:\/\/www.viladogcat.com\/ca\/casos-clinicos\/","url":"https:\/\/www.viladogcat.com\/ca\/casos-clinicos\/","name":"Casos cl\u00ednics - Viladogcat","isPartOf":{"@id":"https:\/\/www.viladogcat.com\/ca\/#website"},"datePublished":"2022-05-10T07:02:53+00:00","dateModified":"2023-08-28T18:41:03+00:00","description":"El nostre equip de professionals realitza ex\u00e0mens previs, proves diagn\u00f2stic, tractaments i seguiment de tots els casos cl\u00ednics.","breadcrumb":{"@id":"https:\/\/www.viladogcat.com\/ca\/casos-clinicos\/#breadcrumb"},"inLanguage":"ca","potentialAction":[{"@type":"ReadAction","target":["https:\/\/www.viladogcat.com\/ca\/casos-clinicos\/"]}]},{"@type":"BreadcrumbList","@id":"https:\/\/www.viladogcat.com\/ca\/casos-clinicos\/#breadcrumb","itemListElement":[{"@type":"ListItem","position":1,"name":"Home","item":"https:\/\/www.viladogcat.com\/ca\/"},{"@type":"ListItem","position":2,"name":"Casos cl\u00ednics"}]},{"@type":"WebSite","@id":"https:\/\/www.viladogcat.com\/ca\/#website","url":"https:\/\/www.viladogcat.com\/ca\/","name":"Viladogcat","description":"Just another WordPress site","potentialAction":[{"@type":"SearchAction","target":{"@type":"EntryPoint","urlTemplate":"https:\/\/www.viladogcat.com\/ca\/?s={search_term_string}"},"query-input":"required name=search_term_string"}],"inLanguage":"ca"}]}},"_links":{"self":[{"href":"https:\/\/www.viladogcat.com\/ca\/wp-json\/wp\/v2\/pages\/204"}],"collection":[{"href":"https:\/\/www.viladogcat.com\/ca\/wp-json\/wp\/v2\/pages"}],"about":[{"href":"https:\/\/www.viladogcat.com\/ca\/wp-json\/wp\/v2\/types\/page"}],"author":[{"embeddable":true,"href":"https:\/\/www.viladogcat.com\/ca\/wp-json\/wp\/v2\/users\/1"}],"replies":[{"embeddable":true,"href":"https:\/\/www.viladogcat.com\/ca\/wp-json\/wp\/v2\/comments?post=204"}],"version-history":[{"count":5,"href":"https:\/\/www.viladogcat.com\/ca\/wp-json\/wp\/v2\/pages\/204\/revisions"}],"predecessor-version":[{"id":1937,"href":"https:\/\/www.viladogcat.com\/ca\/wp-json\/wp\/v2\/pages\/204\/revisions\/1937"}],"wp:attachment":[{"href":"https:\/\/www.viladogcat.com\/ca\/wp-json\/wp\/v2\/media?parent=204"}],"curies":[{"name":"wp","href":"https:\/\/api.w.org\/{rel}","templated":true}]}}